{"id":28327,"date":"2017-05-12T10:20:41","date_gmt":"2017-05-12T08:20:41","guid":{"rendered":"http:\/\/www.rafal.es\/?page_id=28327\/"},"modified":"2017-05-24T13:45:39","modified_gmt":"2017-05-24T11:45:39","slug":"avis-legal","status":"publish","type":"page","link":"https:\/\/www.rafal.es\/ca\/avis-legal\/","title":{"rendered":"Av\u00eds Legal"},"content":{"rendered":"<p>&nbsp;<\/p>\n<h4 style=\"text-align: justify;\">1. Titularitat del lloc web<\/h4>\n<p style=\"text-align: justify;\">http:\/\/www.rafal.es es un dominio en internet titularidad del Excmo. Ayuntamiento de \u00a0 \u00a0 \u00a0 Rafal \u00a0 \u00a0 \u00a0 \u00a0 \u00a0 \u00a0 \u00a0 \u00a0 \u00a0 \u00a0 \u00a0<strong>, <\/strong>CIF \u00a0 \u00a0 \u00a0 \u00a0 \u00a0 \u00a0 \u00a0 \u00a0 \u00a0 \u00a0 , con sede y domicilio social en \u00a0 \u00a0 \u00a0 \u00a0 \u00a0 \u00a0 \u00a0 \u00a0 \u00a0 \u00a0 \u00a0 \u00a0 \u00a0 \u00a0 \u00a0 \u00a0, \u00a0Telefono \u00a0 \u00a0 \u00a0 \u00a0 \u00a0 \u00a0 \u00a0 \u00a0 \u00a0 \u00a0 \u00a0 \u00a0 \u00a0 \u00a0 &#8211; FAX \u00a0 \u00a0 \u00a0 \u00a0 \u00a0 \u00a0 \u00a0 \u00a0 \u00a0 \u00a0 \u00a0 \u00a0 \u00a0 \u00a0 \u00a0 \u00a0 \u00a0y e-mail<\/p>\n<h4 style=\"text-align: justify;\">\u00a02. Recomanacions d&#8217;acc\u00e9s<\/h4>\n<p style=\"text-align: justify;\">Resoluci\u00f3n de pantalla: 1024 x 768.<br \/>\nVersiones de los navegadores:<br \/>\nExplorer: 5.5<br \/>\nMozilla: 1.7<br \/>\nFireFox: 0.7<\/p>\n<h4 style=\"text-align: justify;\">\u00a03. Objecte<\/h4>\n<p style=\"text-align: justify;\">L&#8217;Ajuntament, a trav\u00e9s d&#8217;aquest espai web, posa a la disposici\u00f3 dels diferents usuaris l&#8217;acc\u00e9s i utilitzaci\u00f3 de serveis i informaci\u00f3 referits tant al seu \u00e0mbit d&#8217;actuaci\u00f3 com, si escau, proporcionats per tercers.<\/p>\n<h4 style=\"text-align: justify;\">4. Termes i condicions d&#8217;\u00fas<\/h4>\n<p style=\"text-align: justify;\">Es considera usuari del present lloc web a qualsevol que accedisca i utilitze el mateix. La condici\u00f3 d&#8217;usuari comporta la total acceptaci\u00f3 de les condicions establides en el present Av\u00eds Legal i en les especials que puguen establir-se para determina dos serveis i utilitats. Els usuaris adquireixen el comprom\u00eds d&#8217;ajustar la seua actuaci\u00f3 a les citades condicions i a observar el que es disposa per la normativa legal, aix\u00ed com a les instruccions i avisos que es posen en el seu coneixement. Quan siga necess\u00e0ria la utilitzaci\u00f3 d&#8217;una contrasenya o nom d&#8217;usuari per a accedir a algun contingut o servei d&#8217;aquest lloc web, l&#8217;usuari queda obligat a mantenir-la en secret i a fer d&#8217;ella un \u00fas diligent. En cas de p\u00e8rdua o utilitzaci\u00f3 negligent dela contrasenya l&#8217;usuari respondr\u00e0 de la utilitzaci\u00f3 que d&#8217;ella hagen pogut fer terceres persones.<\/p>\n<p>Els drets de propietat intel\u00b7lectual del contingut, informaci\u00f3, gr\u00e0fics, disseny, multim\u00e8dia, aplicacions, productes, serveis i qualsevol un altre material d&#8217;aquest lloc web s\u00f3n propietat de l&#8217;Ajuntament, llevat que s&#8217;especifique el contrari. Queda, per tant, prohibida la seua c\u00f2pia, reproducci\u00f3, distribuci\u00f3, publicaci\u00f3, desc\u00e0rrega, exhibici\u00f3 o transmissi\u00f3 en qualsevol format o mitj\u00e0, incloent mitjans electr\u00f2nics, mec\u00e0nics, reprogr\u00e0fics, d&#8217;enregistrament o qualsevol un altre, sense el perm\u00eds previ per escrit de l&#8217;Ajuntament i, si escau, del propietari del copyright o drets d&#8217;autor. Qualsevol \u00fas no autoritzat de materials continguts en aquest web pot vulnerar lleis de copyright, de registre de marques, de drets de propietat intel\u00b7lectual, de privadesa, publicitat, i altra legislaci\u00f3 sobre comunicaci\u00f3. Queda prohibida la utilitzaci\u00f3 dels continguts d&#8217;aquest lloc web amb finalitats comercials o publicitaris. Els usuaris d&#8217;Internet que accedisquen a aquest lloc web poden visualitzar la informaci\u00f3 continguda en el mateix i efectuar desc\u00e0rregues o reproduccions privades en el seu sistema inform\u00e0tic; no obstant a\u00e7\u00f2, tal autoritzaci\u00f3 no aconsegueix la cessi\u00f3 posterior a tercers dels elements reprodu\u00efts ni la seua instal\u00b7laci\u00f3 en un servidor connectat a Internet o a una xarxa local. Queda absolutament prohibida la distribuci\u00f3, modificaci\u00f3, alteraci\u00f3, cessi\u00f3, comunicaci\u00f3 p\u00fablica i qualsevol altre acte que no siga expressament autoritzat per l&#8217;Ajuntament.<\/p>\n<p>L&#8217;Ajuntament no \u00e9s responsable del mal \u00fas que els usuaris realitzen dels continguts del seu lloc web i es reserva el dret d&#8217;actualitzar, modificar, conservar, eliminar, o impedir l&#8217;acc\u00e9s a qualsevol contingut que aparega en el mateix o de tancar-ho sense previ av\u00eds.<\/p>\n<p>L&#8217;Ajuntament no \u00e9s responsable dels continguts situats fora del seu web, en els llocs web de tercers, als quals es puga accedir mitjan\u00e7ant o a trav\u00e9s d&#8217;enlla\u00e7os situats en el lloc web. L&#8217;Ajuntament informa que tals links i enlla\u00e7os que apareixen en el seu web tan sols constitueixen una informaci\u00f3 a l&#8217;usuari sobre l&#8217;exist\u00e8ncia d&#8217;altres fonts d&#8217;informaci\u00f3 i serveis en Internet sobre les mat\u00e8ries a les quals es refereixen, on el visitant podr\u00e0 si escau ampliar o complementar les dades oferides en aquest web, advertint expressament que a\u00e7\u00f2 no suposa un suggeriment, invitaci\u00f3 o recomanaci\u00f3 per a la visita de tals llocs de destinaci\u00f3 i per tant, es declina tota la responsabilitat relativa al resultat obtingut a trav\u00e9s d&#8217;aquests enlla\u00e7os hipertextuales; en particular, el visitant declara con\u00e8ixer que l&#8217;Ajuntament no garanteix en cap manera les condicions i\/o correcta prestaci\u00f3 dels serveis o qualitat dels productes oferits a l&#8217;usuari, per tercers aliens a la mateixa, als llocs web de la qual puga accedir-se mitjan\u00e7ant enlla\u00e7os establits en qualsevol de les p\u00e0gines de l&#8217;Ajuntament, per la qual cosa aquesta no ser\u00e0 responsable en cap cas de la disponibilitat i dels continguts facilitats pels altres llocs web visitats a trav\u00e9s de tals enlla\u00e7os, com tampoc ho ser\u00e0 de l&#8217;eventual incompliment per part de tals tercers de la normativa vigent i particularment d&#8217;aquella que regula el comer\u00e7 electr\u00f2nic, la defensa i protecci\u00f3 de consumidors i usuaris i la relativa a protecci\u00f3 de dades de car\u00e0cter personal. En el cas de f\u00f2rums oberts o espais d&#8217;opini\u00f3 en les seues p\u00e0gines web, l&#8217;Ajuntament no s&#8217;obliga a controlar les opinions o informacions abocades pels usuaris, per\u00f2 es reserva el dret a eliminar aquelles que puguen resultar contr\u00e0ries a la legalitat vigent, especialment quan impliquen una vulneraci\u00f3 dels drets i llibertats fonamentals, als bons usos i als presents termes i condicions. L&#8217;Ajuntament no ser\u00e0 responsable de possibles danys o perjudicis que es pogueren derivar d&#8217;interfer\u00e8ncies, omissions, interrupcions, avaries o desconnexions en el funcionament operatiu d&#8217;aquest sistema electr\u00f2nic, motivades per causes alienes a l&#8217;Ajuntament, o com a conseq\u00fc\u00e8ncia d&#8217;ajustos o problemes t\u00e8cnics propis; aix\u00ed modera danys que puguen ser causats per virus inform\u00e0tics i per terceres persones mitjan\u00e7ant intromissions il\u00b7leg\u00edtimes f\u00f3ra del control de l&#8217;Ajuntament. La informaci\u00f3 administrativa publicada en aquest lloc web t\u00e9 car\u00e0cter merament orientatiu; per tant, ni substitueix la publicitat dels documents que hagen de publicar-se en Diaris i Butlletins Oficials, l&#8217;edici\u00f3 dels quals \u00e9s l&#8217;\u00fanic instrument que d\u00f3na fe de l&#8217;autenticitat i del contingut dels mateixos, ni de la mateixa pot derivar-se efecte jur\u00eddic vinculant algun, devent l&#8217;usuari contrastar la citada informaci\u00f3 amb l&#8217;existent en els Diaris i Butlletins Oficials, si escau, o amb la obrante en les depend\u00e8ncies pertinents de l&#8217;Administraci\u00f3. En concret, aquesta informaci\u00f3 no podr\u00e0 ser vinculant en la resoluci\u00f3 de procediments administratius ni al\u00b7legar-se en processos contradictoris amb l&#8217;Administraci\u00f3 P\u00fablica. En conseq\u00fc\u00e8ncia, l&#8217;Ajuntament no es fa responsable dels possibles danys i perjudicis que l&#8217;\u00fas d&#8217;aquesta informaci\u00f3 poguera ocasionar. Les directrius seguides per l&#8217;Ajuntament en mat\u00e8ria de Protecci\u00f3 de Dades de Car\u00e0cter Personal s\u00f3n les exposades en l&#8217;apartat Pol\u00edtica de Privadesa d&#8217;aquest lloc web.<\/p>\n<p>L&#8217;Ajuntament es reserva el dret de modificar els termes i condicions establits en el present Av\u00eds Legal.<\/p>\n<h4 style=\"text-align: justify;\">POL\u00cdTICA DE PRIVADESA<\/h4>\n<p style=\"text-align: justify;\">L&#8217;Ajuntament t\u00e9 com una de les seues prioritats garantir el dret fonamental a la protecci\u00f3 de les dades personals, tant dels usuaris que es relacionen amb la seua Administraci\u00f3 com dels propis empleats p\u00fablics al seu servei. En aquest sentit, l&#8217;Ajuntament manifesta que el tractament de les dades de car\u00e0cter personal que puga resultar necessari per al desenvolupament de les seues compet\u00e8ncies a trav\u00e9s del seu portal web s&#8217;ajustar\u00e0 escrupolosament al que es disposa en la Llei Org\u00e0nica 15\/1999, de Protecci\u00f3 de Dades de Car\u00e0cter Personal, i a la normativa de desenvolupament o connexa que puga resultar d&#8217;aplicaci\u00f3 en l&#8217;actualitat o en un futur. En concret, totes les dades personals que puguen subministrar-se pels interessats a trav\u00e9s d&#8217;aquest portal no seran destinats a finalitats diferents de les expressades en el moment de la seua aportaci\u00f3, segons el sup\u00f2sit espec\u00edfic que es tracte, ni comunicats a tercers excepte en aquells sup\u00f2sits legals en qu\u00e8 puga procedir-se a aquesta comunicaci\u00f3 o es compte amb el consentiment expr\u00e9s de l&#8217;interessat. D&#8217;igual manera, el tractament dels mateixos s&#8217;efectuar\u00e0 de manera confidencial. En qualsevol cas, l&#8217;Ajuntament podr\u00e0 fer \u00fas de les dades contingudes en els seus fitxers amb finalitats hist\u00f2riques, estad\u00edstiques o cient\u00edfiques. Els interessats seran informats de la incorporaci\u00f3 de les seues dades personals a fitxers, automatitzats o no, de les finalitats, usos i, si escau, de les possibles cessions de les seues dades en el moment es recapten els mateixos. No obstant a\u00e7\u00f2, i amb car\u00e0cter general, s&#8217;informa a tots els usuaris que en el cas d&#8217;aportar dades personals podran exercitar els drets d&#8217;acc\u00e9s, rectificaci\u00f3, cancel\u00b7laci\u00f3 i oposici\u00f3 dirigint-se per escrit al Registre d&#8217;Entrada de l&#8217;Ajuntament. Igualment, l&#8217;Ajuntament informa que ha desenvolupat una normativa interna, desobligado compliment per a tots els empleats p\u00fablics que tracten dades de car\u00e0cter personal, en la qual es contenen els procediments i les pautes que han d&#8217;observar-se en llaures al compliment de la normativa legal sobre protecci\u00f3 de dades de car\u00e0cter personal. I, especialment, normes d&#8217;informaci\u00f3 i procediments per al tractament d&#8217;aquest tipus de dades i normes de seguretat (equips, instal\u00b7lacions, etc.) per a assegurar la integritat, confidencialitat i disponibilitat de la informaci\u00f3. Per a qualsevol dubte sobre la pol\u00edtica de privadesa anteriorment expressada pot dirigir-se al tel\u00e8fon \u00a0 \u00a0 \u00a0 \u00a0 \u00a0 \u00a0 \u00a0 \u00a0 \u00a0 \u00a0 \u00a0 \u00a0 \u00a0 \u00a0 \u00a0 \u00a0 \u00a0 \u00a0 \u00a0 \u00a0 \u00a0 \u00a0 \u00a0 \u00a0o remetre un correu electr\u00f2nic a l&#8217;adre\u00e7a \u00a0 \u00a0 \u00a0 \u00a0 \u00a0 \u00a0 \u00a0 \u00a0 \u00a0 \u00a0 \u00a0 \u00a0 \u00a0 \u00a0 \u00a0 \u00a0 \u00a0 \u00a0 \u00a0 \u00a0 \u00a0 \u00a0 \u00a0 \u00a0 \u00a0 \u00a0 \u00a0 \u00a0 \u00a0 \u00a0 \u00a0 \u00a0 \u00a0 \u00a0 \u00a0indicant en el camp Assumpte &#8216;Protecci\u00f3 de dades personals&#8217;.<\/p>\n","protected":false},"excerpt":{"rendered":"<p>&nbsp; 1. Titularitat del lloc web http:\/\/www.rafal.es es un dominio en internet titularidad del Excmo. Ayuntamiento de \u00a0 \u00a0 \u00a0 Rafal \u00a0 \u00a0 \u00a0 \u00a0 \u00a0 \u00a0 \u00a0 \u00a0 \u00a0 \u00a0 \u00a0, CIF \u00a0 \u00a0 \u00a0 \u00a0 \u00a0 \u00a0 \u00a0 \u00a0 \u00a0 \u00a0 , con sede y domicilio social en \u00a0 \u00a0 \u00a0 \u00a0 \u00a0 [&hellip;]<\/p>\n","protected":false},"author":1,"featured_media":0,"parent":0,"menu_order":0,"comment_status":"open","ping_status":"open","template":"","meta":{"pgc_meta":"","_et_pb_use_builder":"","_et_pb_old_content":"","_et_gb_content_width":"","footnotes":""},"aioseo_notices":[],"pgc_meta":"","_links":{"self":[{"href":"https:\/\/www.rafal.es\/ca\/wp-json\/wp\/v2\/pages\/28327"}],"collection":[{"href":"https:\/\/www.rafal.es\/ca\/wp-json\/wp\/v2\/pages"}],"about":[{"href":"https:\/\/www.rafal.es\/ca\/wp-json\/wp\/v2\/types\/page"}],"author":[{"embeddable":true,"href":"https:\/\/www.rafal.es\/ca\/wp-json\/wp\/v2\/users\/1"}],"replies":[{"embeddable":true,"href":"https:\/\/www.rafal.es\/ca\/wp-json\/wp\/v2\/comments?post=28327"}],"version-history":[{"count":0,"href":"https:\/\/www.rafal.es\/ca\/wp-json\/wp\/v2\/pages\/28327\/revisions"}],"wp:attachment":[{"href":"https:\/\/www.rafal.es\/ca\/wp-json\/wp\/v2\/media?parent=28327"}],"curies":[{"name":"wp","href":"https:\/\/api.w.org\/{rel}","templated":true}]}}