{"id":28338,"date":"2017-05-15T08:42:42","date_gmt":"2017-05-15T06:42:42","guid":{"rendered":"http:\/\/www.rafal.es\/?page_id=28338\/"},"modified":"2017-05-15T08:52:35","modified_gmt":"2017-05-15T06:52:35","slug":"agencia-docupacio-i-desenvolupament-local","status":"publish","type":"page","link":"https:\/\/www.rafal.es\/ca\/el-ayuntamiento\/agencia-docupacio-i-desenvolupament-local\/","title":{"rendered":"Ag\u00e8ncia d&#8217;Ocupaci\u00f3 i Desenvolupament Local"},"content":{"rendered":"<p>L&#8217;Ag\u00e8ncia d&#8217;Ocupaci\u00f3 i Desenvolupament Local de Rafal es troba situada en l&#8217;edifici de l&#8217;Ajuntament, Plaza d&#8217;Espanya, 1.<\/p>\n<p>Horari d&#8217;Atenci\u00f3 al p\u00fablic: de 11:00 a 14:00 hores de dilluns a divendres.<\/p>\n<p>Tel\u00e8fon de contacte: 966 75 22 67.<\/p>\n<p>E-mail: <a href=\"mailto:adl@rafal.es\">adl@rafal.es<\/a><\/p>\n<p><strong>OBJECTIUS<\/strong><\/p>\n<p>Des de l&#8217;Ag\u00e8ncia de Desenvolupament Local tenint en compte les potencialitats i la de promoure un desenvolupament equilibrat en els sistemes productius locals ens proposem com a objectius generals els que a continuaci\u00f3 s&#8217;indiquen:<\/p>\n<ul>\n<li>Establir una xarxa articulada que possibilite les actuacions de desenvolupament totes les \u00e0rees que ho componen: social, educatiu\/formativa, econ\u00f2mica ecologia ambiental.<\/li>\n<li>Adaptar els recursos a les caracter\u00edstiques del municipi.<\/li>\n<li>Mobilitzar recursos endogens que anteriorment no hagen sigut aprofitats.<br \/>\nPotenciar la integraci\u00f3 social dels sectors m\u00e9s desfavorits.<\/li>\n<li>Promoure la creaci\u00f3 d&#8217;ocupaci\u00f3, amb especial incid\u00e8ncia en els col\u00b7lectius m\u00e9s desfavorits: joves, dones, poblaci\u00f3.<\/li>\n<li>Promover la creaci\u00f3n de empleo, con especial incidencia en los colectivos m\u00e1s desfavorecidos: j\u00f3venes, mujeres, poblaci\u00f3n.<\/li>\n<li>Potenciar les societats d&#8217;economia social com a mitj\u00e0 de desenvolupament.<\/li>\n<li>Crear actituds de solidaritat, participaci\u00f3 i comprom\u00eds de la comunitat en mat\u00e8ria de desenvolupament local.<\/li>\n<li>Promoure el desenvolupament empresarial. Facilitar el desenvolupament d&#8217;activitats econ\u00f2miques, amb el seg\u00fcent increment de riquesa i suport indirecte a la generaci\u00f3 d&#8217;ocupaci\u00f3.<\/li>\n<\/ul>\n<p><strong>CURSOS I OFERTES:<\/strong><\/p>\n<ul>\n<li><a href=\"http:\/\/www.rafal.es\/wp-content\/uploads\/2017\/04\/01.-AccionesFormativasPrimerSemestre2014.pdf\">Accions formatives 1er semestre gestionades per CONVEGA.<\/a><\/li>\n<li><a href=\"http:\/\/www.rafal.es\/wp-content\/uploads\/2017\/04\/02.-ListadoSOLICITUDDEACCIONESFORMATIVAS.doc\">Sol\u00b7licitud d&#8217;accions formatives.<\/a><\/li>\n<\/ul>\n<p>&nbsp;<\/p>\n","protected":false},"excerpt":{"rendered":"<p>L&#8217;Ag\u00e8ncia d&#8217;Ocupaci\u00f3 i Desenvolupament Local de Rafal es troba situada en l&#8217;edifici de l&#8217;Ajuntament, Plaza d&#8217;Espanya, 1. Horari d&#8217;Atenci\u00f3 al p\u00fablic: de 11:00 a 14:00 hores de dilluns a divendres. Tel\u00e8fon de contacte: 966 75 22 67. E-mail: adl@rafal.es OBJECTIUS Des de l&#8217;Ag\u00e8ncia de Desenvolupament Local tenint en compte les potencialitats i la de promoure [&hellip;]<\/p>\n","protected":false},"author":3,"featured_media":0,"parent":28334,"menu_order":0,"comment_status":"closed","ping_status":"closed","template":"","meta":{"pgc_meta":"","_et_pb_use_builder":"","_et_pb_old_content":"","_et_gb_content_width":"","footnotes":""},"aioseo_notices":[],"pgc_meta":"","_links":{"self":[{"href":"https:\/\/www.rafal.es\/ca\/wp-json\/wp\/v2\/pages\/28338"}],"collection":[{"href":"https:\/\/www.rafal.es\/ca\/wp-json\/wp\/v2\/pages"}],"about":[{"href":"https:\/\/www.rafal.es\/ca\/wp-json\/wp\/v2\/types\/page"}],"author":[{"embeddable":true,"href":"https:\/\/www.rafal.es\/ca\/wp-json\/wp\/v2\/users\/3"}],"replies":[{"embeddable":true,"href":"https:\/\/www.rafal.es\/ca\/wp-json\/wp\/v2\/comments?post=28338"}],"version-history":[{"count":0,"href":"https:\/\/www.rafal.es\/ca\/wp-json\/wp\/v2\/pages\/28338\/revisions"}],"up":[{"embeddable":true,"href":"https:\/\/www.rafal.es\/ca\/wp-json\/wp\/v2\/pages\/28334"}],"wp:attachment":[{"href":"https:\/\/www.rafal.es\/ca\/wp-json\/wp\/v2\/media?parent=28338"}],"curies":[{"name":"wp","href":"https:\/\/api.w.org\/{rel}","templated":true}]}}