{"id":28356,"date":"2017-05-15T09:52:45","date_gmt":"2017-05-15T07:52:45","guid":{"rendered":"http:\/\/www.rafal.es\/?page_id=28356\/"},"modified":"2017-05-24T13:25:03","modified_gmt":"2017-05-24T11:25:03","slug":"area-d-esports","status":"publish","type":"page","link":"https:\/\/www.rafal.es\/ca\/el-ayuntamiento\/arees-municipals\/area-d-esports\/","title":{"rendered":"\u00c0rea d&#8217; Esports"},"content":{"rendered":"<p>En Rafal pot gaudir de diversos esports:<\/p>\n<p><strong>VOLEIBOL<\/strong>: Dirigit sobretot al sector femen\u00ed de Rafal. Encara que tamb\u00e9 es pot realitzar per al sector mascul\u00ed, si hi ha gent interessada, o fins i tot realitzar-mixt.<\/p>\n<p><strong>MULTIESPORT<\/strong>: Dirigit especialment al sector infantil, on es abastaria aprox. en l&#8217;interval d&#8217;edat compr\u00e8s des dels 6 fins a les 14 anys. En aquest \u00e0mbit es podran recollir tots els esports dels Jocs Ol\u00edmpics, aix\u00ed com disciplines esportives menys comuns (ultimate, lacrosse, malabars &#8230;). De manera s&#8217;inclouran jocs l\u00fadics tradicionals (Enxampar, mocador &#8230;) i activitats amb materials reciclables (ampolles, pots &#8230;).<\/p>\n<p><strong>PROGRAMA D&#8217;POSA&#8217;T EN FORMA O VIDA SALUDABLE<\/strong>: Aquest apartat estaria dirigit principalment a tots els ve\u00efns de la vila a l&#8217;atur i tamb\u00e9 a les mestresses de casa, encara que tamb\u00e9 a tots aquells que vulguin realitzar esport saludable. Es desenvoluparien programes d&#8217;entrenament per posar-se en forma, mitjan\u00e7ant exercicis de for\u00e7a, equilibri, elasticitat i cardiovasculars sobretot.<\/p>\n<p><strong>ORGANITZACI\u00d3 DE LLIGUES I CAMPIONATS<\/strong>: Dirigit especialment als adolescents. Es tractaria d&#8217;organitzar campionats o lligues de diferents esports (futbol sala, front\u00f3, handbol, b\u00e0squet, voleibol &#8230;).<\/p>\n<p><strong>ORGANITZACI\u00d3 D&#8217;ESPORTS D&#8217;AVENTURA<\/strong>: Dirigit a totes aquells rafale\u00f1os que vulguin realitzar esport d&#8217;aventura a la natura, com senderisme, descens de barrancs, pirag\u00fcisme, paintball, espeleologia &#8230; Es realitzarien excursions programades per realitzar aquests esports.<\/p>\n<p><strong>GIMN\u00c0STICA DE MANTENIMENT<\/strong>: Dirigit especialment a la gent gran. Es treballar\u00e0 amb exercicis suaus de for\u00e7a, de resist\u00e8ncia cardiovascular, elasticitat, equilibri, higiene postural &#8230;<\/p>\n<p>&nbsp;<\/p>\n<p style=\"text-align: center;\"><strong>Contacte<\/strong><\/p>\n<p style=\"text-align: center;\"><strong>Regidoria d&#8217;Esports<\/strong><\/p>\n<p style=\"text-align: center;\">Pla\u00e7a d&#8217;Espanya, 1<br \/>\n03369 Rafal<br \/>\n<strong>Tlfn<\/strong>: 966 75 22 67<br \/>\n<strong>Fax:<\/strong> 966 75 25 72<\/p>\n<p style=\"text-align: center;\"><strong>M\u00f2bil:<\/strong> 625045354 &#8211; 638046893<\/p>\n<p style=\"text-align: center;\"><strong>E-mail:<\/strong> deportes@rafal.es<\/p>\n","protected":false},"excerpt":{"rendered":"<p>En Rafal pot gaudir de diversos esports: VOLEIBOL: Dirigit sobretot al sector femen\u00ed de Rafal. Encara que tamb\u00e9 es pot realitzar per al sector mascul\u00ed, si hi ha gent interessada, o fins i tot realitzar-mixt. MULTIESPORT: Dirigit especialment al sector infantil, on es abastaria aprox. en l&#8217;interval d&#8217;edat compr\u00e8s des dels 6 fins a les [&hellip;]<\/p>\n","protected":false},"author":1,"featured_media":0,"parent":28346,"menu_order":0,"comment_status":"closed","ping_status":"closed","template":"","meta":{"pgc_meta":"","_et_pb_use_builder":"on","_et_pb_old_content":"","_et_gb_content_width":"","footnotes":""},"aioseo_notices":[],"pgc_meta":"","_links":{"self":[{"href":"https:\/\/www.rafal.es\/ca\/wp-json\/wp\/v2\/pages\/28356"}],"collection":[{"href":"https:\/\/www.rafal.es\/ca\/wp-json\/wp\/v2\/pages"}],"about":[{"href":"https:\/\/www.rafal.es\/ca\/wp-json\/wp\/v2\/types\/page"}],"author":[{"embeddable":true,"href":"https:\/\/www.rafal.es\/ca\/wp-json\/wp\/v2\/users\/1"}],"replies":[{"embeddable":true,"href":"https:\/\/www.rafal.es\/ca\/wp-json\/wp\/v2\/comments?post=28356"}],"version-history":[{"count":0,"href":"https:\/\/www.rafal.es\/ca\/wp-json\/wp\/v2\/pages\/28356\/revisions"}],"up":[{"embeddable":true,"href":"https:\/\/www.rafal.es\/ca\/wp-json\/wp\/v2\/pages\/28346"}],"wp:attachment":[{"href":"https:\/\/www.rafal.es\/ca\/wp-json\/wp\/v2\/media?parent=28356"}],"curies":[{"name":"wp","href":"https:\/\/api.w.org\/{rel}","templated":true}]}}