{"id":28369,"date":"2017-05-15T10:06:30","date_gmt":"2017-05-15T08:06:30","guid":{"rendered":"http:\/\/www.rafal.es\/el-ayuntamiento\/arees-municipals\/area-de-personal\/oposicions-policia-convocatoria-2011\/"},"modified":"2017-05-24T13:32:40","modified_gmt":"2017-05-24T11:32:40","slug":"oposicions-policia-convocatoria-2011","status":"publish","type":"page","link":"https:\/\/www.rafal.es\/ca\/el-ayuntamiento\/arees-municipals\/area-de-personal\/oposicions-policia-convocatoria-2011\/","title":{"rendered":"Oposicions policia convocat\u00f2ria 2011"},"content":{"rendered":"<ul>\n<li><a href=\"https:\/\/www.rafal.es\/wp-content\/uploads\/2017\/04\/Oposiciones_Policia_1.pdf\">1.- Publicaci\u00f3n en B.O.P. Bases y Convocatoria Proceso selectivo para cubrir una PLAZA AGENTE POLIC\u00cdA LOCAL de Rafal, por turno libre<\/a><\/li>\n<li><a href=\"https:\/\/www.rafal.es\/wp-content\/uploads\/2017\/04\/Oposiciones_Policia_2.pdf\">2.- Publicaci\u00f3n en D.O.C.V. del extracto de las bases de la convocatoria del proceso selectivo para cubrir una PLAZA AGENTE POLIC\u00cdA LOCAL de Rafal, por turno libre<\/a><\/li>\n<li><a href=\"https:\/\/www.rafal.es\/wp-content\/uploads\/2017\/04\/Oposiciones_Policia_3.pdf\">3.- Publicaci\u00f3n en B.O.E. del plazo de presentaci\u00f3n de solicitudes del proceso selectivo para cubrir una PLAZA AGENTE POLIC\u00cdA LOCAL de Rafal, por turno libre.<\/a><\/li>\n<li><a href=\"https:\/\/www.rafal.es\/wp-content\/uploads\/2017\/04\/Oposiciones_Policia_4.pdf\">4.- Bando informativo del proceso selectivo para cubrir una PLAZA AGENTE POLIC\u00cdA LOCAL de Rafal, por turno libre.<\/a><\/li>\n<li><a href=\"https:\/\/www.rafal.es\/wp-content\/uploads\/2017\/04\/Oposiciones_Policia_5.pdf\">5.- Instancia del proceso selectivo para cubrir una PLAZA AGENTE POLIC\u00cdA LOCAL de Rafal, por turno libre.<\/a><\/li>\n<li><a href=\"https:\/\/www.rafal.es\/wp-content\/uploads\/2017\/04\/Oposiciones_Policia_6.pdf\">6.- Lista provisional de admitidos y excluidos para cubrir para cubrir una PLAZA AGENTE POLIC\u00cdA LOCAL de Rafal, por turno libre.<\/a><\/li>\n<li><a href=\"https:\/\/www.rafal.es\/wp-content\/uploads\/2017\/04\/Oposiciones_Policia_7.pdf\">7.- Lista definitiva de admitidos y excluidos y fecha primer ejercicio para cubrir para cubrir una PLAZA AGENTE POLIC\u00cdA LOCAL de Rafal, por turno libre.<\/a><\/li>\n<li><a href=\"https:\/\/www.rafal.es\/wp-content\/uploads\/2017\/04\/Oposiciones_Policia_8.pdf\">8.- Bando informativo del proceso selectivo para cubrir una PLAZA AGENTE POLIC\u00cdA LOCAL de Rafal, por turno libre.<\/a><\/li>\n<li><a href=\"https:\/\/www.rafal.es\/wp-content\/uploads\/2017\/04\/Oposiciones_Policia_9.pdf\">9.-Anuncio convocatoria entrevista, pruebas psicot\u00e9cnicas, del proceso selectivo para cubrir una plaza de Polic\u00eda Local mediante oposici\u00f3n libre, vacante en la plantilla del Excmo. Ayuntamiento de Rafal.<\/a><\/li>\n<li><a href=\"https:\/\/www.rafal.es\/wp-content\/uploads\/2017\/04\/Oposiciones_Policia_10.pdf\">10.- Anuncio resultado primer ejercicio, pruebas psicot\u00e9cnicas, y convocatoria segundo ejercicio, pruebas de aptitud f\u00edsica, del proceso selectivo para cubrir una plaza de Polic\u00eda Local mediante oposici\u00f3n libre vacante en la plantilla del Excmo. Ayuntamiento de Rafal.<\/a><\/li>\n<li><a href=\"https:\/\/www.rafal.es\/wp-content\/uploads\/2017\/04\/Oposiciones_Policia_11.pdf\">11.- Anuncio resultado segundo ejercicio, pruebas aptitud f\u00edsica, y convocatoria tercer ejercicio, cuestionario, del proceso selectivo para cubrir una plaza de Polic\u00eda Local mediante oposici\u00f3n libre vacante en la plantilla del Excmo. Ayuntamiento de Rafal.<\/a><\/li>\n<li><a href=\"https:\/\/www.rafal.es\/wp-content\/uploads\/2017\/04\/Oposiciones_Policia_12.pdf\">12.- Anuncio resultado, tercer ejercicio, cuestionario, y convocatoria del cuarto ejercicio, desarrollo del temario, del proceso selectivo para cubrir una plaza de Polic\u00eda Local, categor\u00eda Agente, encuadrada dentro de la escala de Administraci\u00f3n Especial, subescala B) servicios especiales, mediante oposici\u00f3n libre, vacante en la plantilla de este Excmo. Ayuntamiento de Rafal.<\/a><\/li>\n<li><a href=\"https:\/\/www.rafal.es\/wp-content\/uploads\/2017\/04\/Oposiciones_Policia_13.pdf\">13.- Anuncio resultado, cuarto ejercicio, desarrollo del temario, y convocatoria del quinto ejercicio, supuesto pr\u00e1ctico, del proceso selectivo para cubrir una plaza de Polic\u00eda Local, categor\u00eda Agente, encuadrada dentro de la escala de Administraci\u00f3n Especial, subescala B) servicios especiales, mediante oposici\u00f3n libre, vacante en la plantilla de este Excmo. Ayuntamiento de Rafal.<\/a><\/li>\n<li><a href=\"https:\/\/www.rafal.es\/wp-content\/uploads\/2017\/04\/Oposiciones_Policia_14.pdf\">14.- Anuncio resultado, quinto ejercicio, supuesto pr\u00e1ctico, y convocatoria del sexto ejercicio, reconocimiento m\u00e9dico, del proceso selectivo para cubrir una plaza de Polic\u00eda Local, categor\u00eda Agente, encuadrada dentro de la escala de Administraci\u00f3n Especial, subescala B) servicios especiales, mediante oposici\u00f3n libre, vacante en la plantilla de este Excmo. Ayuntamiento de Rafal.<\/a><\/li>\n<li><a href=\"https:\/\/www.rafal.es\/wp-content\/uploads\/2017\/04\/Oposiciones_Policia_15.pdf\">15.- Anuncio resultado, sexto ejercicio, reconocimiento m\u00e9dico, propuesta de resoluci\u00f3n del proceso selectivo para cubrir una plaza de Polic\u00eda Local, categor\u00eda Agente, encuadrada dentro de la escala de Administraci\u00f3n Especial, subescala B) servicios especiales, mediante oposici\u00f3n libre, vacante en la plantilla de este Excmo. Ayuntamiento de Rafal.<\/a><\/li>\n<\/ul>\n","protected":false},"excerpt":{"rendered":"<p>1.- Publicaci\u00f3n en B.O.P. Bases y Convocatoria Proceso selectivo para cubrir una PLAZA AGENTE POLIC\u00cdA LOCAL de Rafal, por turno libre 2.- Publicaci\u00f3n en D.O.C.V. del extracto de las bases de la convocatoria del proceso selectivo para cubrir una PLAZA AGENTE POLIC\u00cdA LOCAL de Rafal, por turno libre 3.- Publicaci\u00f3n en B.O.E. del plazo de [&hellip;]<\/p>\n","protected":false},"author":1,"featured_media":0,"parent":28367,"menu_order":0,"comment_status":"closed","ping_status":"closed","template":"","meta":{"pgc_meta":"","_et_pb_use_builder":"","_et_pb_old_content":"","_et_gb_content_width":"","footnotes":""},"aioseo_notices":[],"pgc_meta":"","_links":{"self":[{"href":"https:\/\/www.rafal.es\/ca\/wp-json\/wp\/v2\/pages\/28369"}],"collection":[{"href":"https:\/\/www.rafal.es\/ca\/wp-json\/wp\/v2\/pages"}],"about":[{"href":"https:\/\/www.rafal.es\/ca\/wp-json\/wp\/v2\/types\/page"}],"author":[{"embeddable":true,"href":"https:\/\/www.rafal.es\/ca\/wp-json\/wp\/v2\/users\/1"}],"replies":[{"embeddable":true,"href":"https:\/\/www.rafal.es\/ca\/wp-json\/wp\/v2\/comments?post=28369"}],"version-history":[{"count":0,"href":"https:\/\/www.rafal.es\/ca\/wp-json\/wp\/v2\/pages\/28369\/revisions"}],"up":[{"embeddable":true,"href":"https:\/\/www.rafal.es\/ca\/wp-json\/wp\/v2\/pages\/28367"}],"wp:attachment":[{"href":"https:\/\/www.rafal.es\/ca\/wp-json\/wp\/v2\/media?parent=28369"}],"curies":[{"name":"wp","href":"https:\/\/api.w.org\/{rel}","templated":true}]}}