{"id":28379,"date":"2017-05-15T11:49:15","date_gmt":"2017-05-15T09:49:15","guid":{"rendered":"http:\/\/www.rafal.es\/el-ayuntamiento\/equip-de-govern\/"},"modified":"2017-05-24T13:10:17","modified_gmt":"2017-05-24T11:10:17","slug":"equip-de-govern","status":"publish","type":"page","link":"https:\/\/www.rafal.es\/ca\/el-ayuntamiento\/equip-de-govern\/","title":{"rendered":"Equip de Govern"},"content":{"rendered":"<h3><strong>Alcalde-President<\/strong><\/h3>\n<p><strong>D. Manuel Pineda Cuenca.<\/strong><\/p>\n<p><em>Regidoria de Relacions Institucionals i Medi ambient.<br \/>\n<\/em><\/p>\n<h3><strong>Regidories<\/strong><\/h3>\n<p><strong>D\u00aa. Mar\u00eda Noem\u00ed Cutillas Mart\u00ednez (1\u00ba Teniente Alcalde).<\/strong><\/p>\n<p><em>Regidoria de Serveis Socials, Participaci\u00f3 Ciutadana, Ocupaci\u00f3 i Formaci\u00f3.<br \/>\n<\/em><\/p>\n<p><strong>D. Francisco Jes\u00fas Garc\u00eda G\u00f3mez (2\u00ba Teniente Alcalde).<\/strong><\/p>\n<p><em>Regidoria d&#8217;Educaci\u00f3, Sanitat, Consum, Coordinaci\u00f3 d&#8217;\u00c0rees i Seguretat Ciutadana.<br \/>\n<\/em><\/p>\n<p><strong>D\u00aa. Yolanda Leal Monera.<br \/>\n<\/strong><\/p>\n<p><em>Regidoria de Protocol, Tercera Edat, Igualtat, Cultura, Comer\u00e7, Mercats i Transport.<br \/>\n<\/em><\/p>\n<p><strong>D. Alberto Hidalgo Gri\u00f1an.<\/strong><\/p>\n<p><em>Regidoria de Festejos Populars, Serveis i Obres P\u00fabliques.<br \/>\n<\/em><\/p>\n<p><strong>D\u00aa. Silvia Pastor Pellicer.<br \/>\n<\/strong><\/p>\n<p><em>Regidoria d&#8217;Hisenda, Urbanisme, R\u00e8gim Interior, Personal, Comunicaci\u00f3 i Noves Tecnologies.<br \/>\n<\/em><\/p>\n<p><strong>D. Jos\u00e9 Yeray Paredes Mart\u00ednez (3\u00ba Teniente Alcalde).<\/strong><\/p>\n<p><em>Regidoria d&#8217;Esports, Joventut i Turisme.<br \/>\n<\/em><\/p>\n<h3><strong>Grup Municipal Partit Popular<\/strong><\/h3>\n<p><strong>D\u00aa.\u00a0M\u00aa Dolores Navarro Cayuelas.<\/strong><\/p>\n<p><strong>D\u00aa. Encarnaci\u00f3n Fern\u00e1ndez Manresa.<\/strong><\/p>\n<p><strong>D. Alberto Pastor Maci\u00e1.<br \/>\n<\/strong><\/p>\n<p><strong>D\u00aa. Mar\u00eda Carmen S\u00e1ez Mart\u00ednez.<\/strong><\/p>\n","protected":false},"excerpt":{"rendered":"<p>Alcalde-President D. Manuel Pineda Cuenca. Regidoria de Relacions Institucionals i Medi ambient. Regidories D\u00aa. Mar\u00eda Noem\u00ed Cutillas Mart\u00ednez (1\u00ba Teniente Alcalde). Regidoria de Serveis Socials, Participaci\u00f3 Ciutadana, Ocupaci\u00f3 i Formaci\u00f3. D. Francisco Jes\u00fas Garc\u00eda G\u00f3mez (2\u00ba Teniente Alcalde). Regidoria d&#8217;Educaci\u00f3, Sanitat, Consum, Coordinaci\u00f3 d&#8217;\u00c0rees i Seguretat Ciutadana. D\u00aa. Yolanda Leal Monera. Regidoria de Protocol, Tercera [&hellip;]<\/p>\n","protected":false},"author":1,"featured_media":0,"parent":28334,"menu_order":0,"comment_status":"open","ping_status":"closed","template":"","meta":{"pgc_meta":"","_et_pb_use_builder":"on","_et_pb_old_content":"","_et_gb_content_width":"","footnotes":""},"aioseo_notices":[],"pgc_meta":"","_links":{"self":[{"href":"https:\/\/www.rafal.es\/ca\/wp-json\/wp\/v2\/pages\/28379"}],"collection":[{"href":"https:\/\/www.rafal.es\/ca\/wp-json\/wp\/v2\/pages"}],"about":[{"href":"https:\/\/www.rafal.es\/ca\/wp-json\/wp\/v2\/types\/page"}],"author":[{"embeddable":true,"href":"https:\/\/www.rafal.es\/ca\/wp-json\/wp\/v2\/users\/1"}],"replies":[{"embeddable":true,"href":"https:\/\/www.rafal.es\/ca\/wp-json\/wp\/v2\/comments?post=28379"}],"version-history":[{"count":0,"href":"https:\/\/www.rafal.es\/ca\/wp-json\/wp\/v2\/pages\/28379\/revisions"}],"up":[{"embeddable":true,"href":"https:\/\/www.rafal.es\/ca\/wp-json\/wp\/v2\/pages\/28334"}],"wp:attachment":[{"href":"https:\/\/www.rafal.es\/ca\/wp-json\/wp\/v2\/media?parent=28379"}],"curies":[{"name":"wp","href":"https:\/\/api.w.org\/{rel}","templated":true}]}}