{"id":28391,"date":"2017-05-15T12:58:36","date_gmt":"2017-05-15T10:58:36","guid":{"rendered":"http:\/\/www.rafal.es\/el-ayuntamiento\/risc-dincendi\/"},"modified":"2017-05-24T13:46:41","modified_gmt":"2017-05-24T11:46:41","slug":"risc-dincendi","status":"publish","type":"page","link":"https:\/\/www.rafal.es\/ca\/el-ayuntamiento\/risc-dincendi\/","title":{"rendered":"Risc d&#8217;incendi"},"content":{"rendered":"<p>Sol\u00b7licitud per a l&#8217;autoritzaci\u00f3 d&#8217;activitats que puguen comportar risc d&#8217;incendi, regulades en el Decret 98\/1995, del Govern Valenci\u00e0 pel qual s&#8217;aprova el Reglament de la Llei 3\/93, Forestal de la Comunitat Valenciana. (Destil\u00b7laci\u00f3 plantes arom\u00e0tiques, utilitzaci\u00f3 grups electr\u00f2gens, emmagatzematge fusta, crema marges, utilitzaci\u00f3 material inflamable, crema ca\u00f1ares\u2026).<\/p>\n<p>&nbsp;<\/p>\n<p><strong>Qui pot iniciar-ho?<\/strong><\/p>\n<p>Interessats\/Sol\u00b7licitants<\/p>\n<p>Aquelles persones que hagen de realitzar qualsevol de les operacions que s&#8217;indiquen a continuaci\u00f3:<\/p>\n<p>a) Operacions de destil\u00b7laci\u00f3 de plantes arom\u00e0tiques (model normalitzat).<\/p>\n<p>b) Utilitzaci\u00f3 de grups electr\u00f2gens, motors, equips el\u00e8ctrics o d&#8217;explosi\u00f3, aparells de soldadura, etc., sempre que estiguen lligats a treballs agr\u00edcoles i no estan contemplats dins l&#8217;establit en el Decret 7\/2044 de 23 de gener, del Consell de la Generalitat, pel qual s&#8217;aprova el plec general de normes de seguretat en prevenci\u00f3 d&#8217;incendis forestals a observar en l&#8217;execuci\u00f3 d&#8217;obres i treballs que es realitzen en terreny forestal o en els seus voltants (model normalitzat).<\/p>\n<p>c) Acumulaci\u00f3 i emmagatzematge de fusta, llenya residus agr\u00edcoles (model normalitzat).<\/p>\n<p>d) Crema de marges de cultiu o de restes agr\u00edcoles o forestals (model normalitzat).<\/p>\n<p>i) Emmagatzematge, transport o utilitzaci\u00f3 de material inflamable o explosiu, quan no estiga contemplat en el sup\u00f2sit regulat en el Decret 7\/2044 de 23 de gener, del Consell de la Generalitat, pel qual s&#8217;aprova el plec general de normes de seguretat en prevenci\u00f3 d&#8217;incendis forestals a observar en l&#8217;execuci\u00f3 d&#8217;obres i treballs que es realitzen en terreny forestal o en els seus voltants.<\/p>\n<p>f) Crema de ca\u00f1ares, carrizales o matolls lligada a algun tipus d&#8217;aprofitament.<\/p>\n<p>&nbsp;<\/p>\n<p><strong>Com es tramita?<\/strong><\/p>\n<p>Passos<\/p>\n<p>Per a les operacions dels apartats a), b), c) i d):<\/p>\n<p>\u2013 Les persones que hagen de realitzar operacions o accions susceptibles de ser autoritzades, presentaran la sol\u00b7licitud en les Oficines Comarcals de la Conselleria d&#8217;Infraestructures, Territori i Medi ambient o en l&#8217;Ajuntament on es vaja a realitzar l&#8217;operaci\u00f3 sol\u00b7licitada. Aquestes sol\u00b7licituds es presentaran segons model normalitzat.<\/p>\n<p>\u2013 Des de les Oficines Comarcals o des dels Ajuntaments es traslladaran les sol\u00b7licituds a l&#8217;agent mediambiental de la zona, el qual donar\u00e0, si escau, la corresponent autoritzaci\u00f3, en la qual establir\u00e0 els dies en qu\u00e8 poden realitzar-se les operacions o accions i les mesures que han d&#8217;observar-se per a evitar el perill d&#8217;incendi.<\/p>\n<p>Operacions dels apartats i) i f):<\/p>\n<p>\u2013 Les persones que hagen de realitzar operacions o accions susceptibles de ser autoritzades, presentaran la sol\u00b7licitud en la Direcci\u00f3 territorial de la Conselleria de Governaci\u00f3 de la prov\u00edncia en la qual es vaja a realitzar l&#8217;operaci\u00f3 sol\u00b7licitada.<\/p>\n<p>\u2013 El Director Territorial de la Conselleria de Governaci\u00f3, si escau, donar\u00e0 la corresponent autoritzaci\u00f3, en la qual establir\u00e0 els dies en qu\u00e8 poden realitzar-se les operacions o accions i les mesures que han d&#8217;observar-se per a evitar el perill d&#8217;incendi.<\/p>\n<p><strong>Model normalitzat<\/strong><\/p>\n<ul>\n<li><a href=\"http:\/\/www.rafal.es\/wp-content\/uploads\/2017\/04\/Solicitud-riesgo-incendio2.pdf\">Sol\u00b7licitud risc incendie<\/a><\/li>\n<\/ul>\n","protected":false},"excerpt":{"rendered":"<p>Sol\u00b7licitud per a l&#8217;autoritzaci\u00f3 d&#8217;activitats que puguen comportar risc d&#8217;incendi, regulades en el Decret 98\/1995, del Govern Valenci\u00e0 pel qual s&#8217;aprova el Reglament de la Llei 3\/93, Forestal de la Comunitat Valenciana. (Destil\u00b7laci\u00f3 plantes arom\u00e0tiques, utilitzaci\u00f3 grups electr\u00f2gens, emmagatzematge fusta, crema marges, utilitzaci\u00f3 material inflamable, crema ca\u00f1ares\u2026). &nbsp; Qui pot iniciar-ho? Interessats\/Sol\u00b7licitants Aquelles persones que [&hellip;]<\/p>\n","protected":false},"author":1,"featured_media":0,"parent":28334,"menu_order":0,"comment_status":"closed","ping_status":"closed","template":"","meta":{"pgc_meta":"","_et_pb_use_builder":"","_et_pb_old_content":"","_et_gb_content_width":"","footnotes":""},"aioseo_notices":[],"pgc_meta":"","_links":{"self":[{"href":"https:\/\/www.rafal.es\/ca\/wp-json\/wp\/v2\/pages\/28391"}],"collection":[{"href":"https:\/\/www.rafal.es\/ca\/wp-json\/wp\/v2\/pages"}],"about":[{"href":"https:\/\/www.rafal.es\/ca\/wp-json\/wp\/v2\/types\/page"}],"author":[{"embeddable":true,"href":"https:\/\/www.rafal.es\/ca\/wp-json\/wp\/v2\/users\/1"}],"replies":[{"embeddable":true,"href":"https:\/\/www.rafal.es\/ca\/wp-json\/wp\/v2\/comments?post=28391"}],"version-history":[{"count":0,"href":"https:\/\/www.rafal.es\/ca\/wp-json\/wp\/v2\/pages\/28391\/revisions"}],"up":[{"embeddable":true,"href":"https:\/\/www.rafal.es\/ca\/wp-json\/wp\/v2\/pages\/28334"}],"wp:attachment":[{"href":"https:\/\/www.rafal.es\/ca\/wp-json\/wp\/v2\/media?parent=28391"}],"curies":[{"name":"wp","href":"https:\/\/api.w.org\/{rel}","templated":true}]}}