{"id":28393,"date":"2017-05-15T13:04:43","date_gmt":"2017-05-15T11:04:43","guid":{"rendered":"http:\/\/www.rafal.es\/el-ayuntamiento\/saluda-de-lalcalde\/"},"modified":"2017-05-24T13:08:23","modified_gmt":"2017-05-24T11:08:23","slug":"saluda-de-lalcalde","status":"publish","type":"page","link":"https:\/\/www.rafal.es\/ca\/el-ayuntamiento\/saluda-de-lalcalde\/","title":{"rendered":"Saluda de l&#8217;Alcalde"},"content":{"rendered":"<p>Mantenir aquesta eina de comunicaci\u00f3 amb la poblaci\u00f3 t\u00e9 l&#8217;avantatge de posar al servei del ve\u00ed tota la informaci\u00f3 necess\u00e0ria per a tractar d&#8217;eliminar les dificultats que poden trobar en les seues gestions. \u00c9s important que la nostra poblaci\u00f3 es consciencie de la import\u00e0ncia de consultar ass\u00edduament aquest entorn. Aix\u00ed mateix, pretenem fer d&#8217;aquesta web una finestra per a les persones que no ens coneixen i hem de deixar plasmat el nostre bon fer, perqu\u00e8 no obliden visitar Rafal, si es presenta l&#8217;ocasi\u00f3. Amb ella obrim les portes de la nostra localitat al m\u00f3n, a trav\u00e9s d&#8217;una s\u00e8rie de p\u00e0gines on vam mostrar l&#8217;oferta cultural i gastron\u00f2mica. El nostre poble tanca entre els seus murs m\u00fasica i tradici\u00f3. Per\u00f2 el que, sobretot vull destacar, \u00e9s la calor de les seues gents, de la meua gent, dels Rafale\u00f1os. Rafal est\u00e0 situat en un lloc privilegiat de l&#8217;horta de la Vega Baixa del riu Segura, prop del mar (a tan sol 30 Km), prop de la muntanya (Serra de Callosa, Sierra d&#8217;Oriola i Serra de Benejuzar), prop de ciutats monumentals com Oriola, prop d&#8217;Alacant i de M\u00farcia, aproximadament a 50 km de cadascuna. A\u00e7\u00f2 fa de Rafal un lloc apetecible per al visitant, amb m\u00faltiples serveis sent un poble tranquil. Convide a tots, ve\u00efns i forans, a utilitzar aquest mitj\u00e0 de coneixement, all\u00e0 on us trobeu, esperant siga un al\u00b7licient per a una pr\u00f2xima visita. Una afectuosa salutaci\u00f3.<\/p>\n<p style=\"text-align: center;\">Manuel Pineda Conca<\/p>\n<p style=\"text-align: center;\">ALCALDE-PRESIDENT DE RAFAL (Alacant)<\/p>\n<p style=\"text-align: center;\"><img loading=\"lazy\" decoding=\"async\" class=\"size-full wp-image-25574 aligncenter\" src=\"https:\/\/www.rafal.es\/wp-content\/uploads\/2012\/02\/alcalde-224x300.jpg\" alt=\"\" width=\"224\" height=\"300\" \/><\/p>\n","protected":false},"excerpt":{"rendered":"<p>Mantenir aquesta eina de comunicaci\u00f3 amb la poblaci\u00f3 t\u00e9 l&#8217;avantatge de posar al servei del ve\u00ed tota la informaci\u00f3 necess\u00e0ria per a tractar d&#8217;eliminar les dificultats que poden trobar en les seues gestions. \u00c9s important que la nostra poblaci\u00f3 es consciencie de la import\u00e0ncia de consultar ass\u00edduament aquest entorn. Aix\u00ed mateix, pretenem fer d&#8217;aquesta web [&hellip;]<\/p>\n","protected":false},"author":1,"featured_media":0,"parent":28334,"menu_order":0,"comment_status":"open","ping_status":"closed","template":"","meta":{"pgc_meta":"","_et_pb_use_builder":"","_et_pb_old_content":"","_et_gb_content_width":"","footnotes":""},"aioseo_notices":[],"pgc_meta":"","_links":{"self":[{"href":"https:\/\/www.rafal.es\/ca\/wp-json\/wp\/v2\/pages\/28393"}],"collection":[{"href":"https:\/\/www.rafal.es\/ca\/wp-json\/wp\/v2\/pages"}],"about":[{"href":"https:\/\/www.rafal.es\/ca\/wp-json\/wp\/v2\/types\/page"}],"author":[{"embeddable":true,"href":"https:\/\/www.rafal.es\/ca\/wp-json\/wp\/v2\/users\/1"}],"replies":[{"embeddable":true,"href":"https:\/\/www.rafal.es\/ca\/wp-json\/wp\/v2\/comments?post=28393"}],"version-history":[{"count":0,"href":"https:\/\/www.rafal.es\/ca\/wp-json\/wp\/v2\/pages\/28393\/revisions"}],"up":[{"embeddable":true,"href":"https:\/\/www.rafal.es\/ca\/wp-json\/wp\/v2\/pages\/28334"}],"wp:attachment":[{"href":"https:\/\/www.rafal.es\/ca\/wp-json\/wp\/v2\/media?parent=28393"}],"curies":[{"name":"wp","href":"https:\/\/api.w.org\/{rel}","templated":true}]}}