{"id":28402,"date":"2017-05-15T13:36:53","date_gmt":"2017-05-15T11:36:53","guid":{"rendered":"http:\/\/www.rafal.es\/el-municipi\/informacio-general\/"},"modified":"2017-05-26T09:23:19","modified_gmt":"2017-05-26T07:23:19","slug":"informacio-general","status":"publish","type":"page","link":"https:\/\/www.rafal.es\/ca\/el-municipi\/informacio-general\/","title":{"rendered":"Informaci\u00f3 general"},"content":{"rendered":"<p>El terme de Rafal est\u00e0 situat en ple centre de la Vega Baixa, al marge esquerre del Riu Segura i a uns 50 Km. al sud d&#8217;Alacant, la capital de la prov\u00edncia.<\/p>\n<p>Envoltat per complet per terres d&#8217;Oriola, el terme t\u00e9 una superf\u00edcie de sol 1,6 km, i una poblaci\u00f3 aproximada de 4200 habitants en 2010, per la qual cosa coneix una alta densitat demogr\u00e0fica.<\/p>\n<p>El millor acc\u00e9s des d&#8217;Alacant o Murcia \u00e9s a trav\u00e9s de la A-7, enlla\u00e7ant amb la CV-900. La seua situaci\u00f3 facilita la comunicaci\u00f3 mitjan\u00e7ant carreteres locals i comarcals amb la resta de pobles ve\u00efns i amb la costa mediterr\u00e0nia.<\/p>\n<p>L&#8217;altura pel que fa al nivell del mar \u00e9s de 25 metres. Les temperatures s\u00f3n de car\u00e0cter mediterrani, amb escasses pluges, estius calorosos i hiverns suaus, on gaudir del sol \u00e9s una garantia la major part de l&#8217;any.<\/p>\n<p>Com a part de la Vega del Segura, \u00e9s un terreny pla i f\u00e8rtil, \u00e0mpliament conreat, especialment hortalisses i c\u00edtrics, i amb un alt grau de minifundismo.<\/p>\n<p>Rafale\u00f1o\/a \u00e9s el gentilici aplicat a les nostres gents. L&#8217;escut de la poblaci\u00f3 \u00e9s el del Marquesat de Rafal.<\/p>\n<ul>\n<li><a href=\"http:\/\/es.wikipedia.org\/wiki\/rafal\" target=\"_blank\" rel=\"noopener noreferrer\">Informaci\u00f3 sobre el municipi en la Wikipedia<\/a><\/li>\n<li><a href=\"http:\/\/www.costablanca.org\/fichaCompleta.aspx?id_ficha=29576\" target=\"_blank\" rel=\"noopener noreferrer\">Informaci\u00f3 sobre el municipi en Costablanca<\/a><\/li>\n<\/ul>\n<div align=\"center\"><iframe loading=\"lazy\" title=\"Mapa de Rafal\" src=\"https:\/\/maps.google.es\/maps?f=q&#038;source=embed&#038;hl=es&#038;geocode=&#038;q=rafal&#038;aq=&#038;sll=38.679416,-0.359&#038;sspn=0.090054,0.159817&#038;ie=UTF8&#038;hq=&#038;hnear=Rafal,+Alicante,+Comunidad+Valenciana&#038;t=m&#038;z=14&#038;ll=38.104022,-0.849972&#038;output=embed\" width=\"425\" height=\"350\" frameborder=\"0\" marginwidth=\"0\" marginheight=\"0\" scrolling=\"no\" data-mce-fragment=\"1\"><\/iframe><br \/>\n<span class=\"small-font\"><a href=\"https:\/\/maps.google.es\/maps?f=q&#038;source=embed&#038;hl=es&#038;geocode=&#038;q=rafal&#038;aq=&#038;sll=38.679416,-0.359&#038;sspn=0.090054,0.159817&#038;ie=UTF8&#038;hq=&#038;hnear=Rafal,+Alicante,+Comunidad+Valenciana&#038;t=m&#038;z=14&#038;ll=38.104022,-0.849972\">Vorer mapa m\u00e9s gran<\/a><\/span><\/div>\n","protected":false},"excerpt":{"rendered":"<p>El terme de Rafal est\u00e0 situat en ple centre de la Vega Baixa, al marge esquerre del Riu Segura i a uns 50 Km. al sud d&#8217;Alacant, la capital de la prov\u00edncia. Envoltat per complet per terres d&#8217;Oriola, el terme t\u00e9 una superf\u00edcie de sol 1,6 km, i una poblaci\u00f3 aproximada de 4200 habitants en [&hellip;]<\/p>\n","protected":false},"author":1,"featured_media":0,"parent":28397,"menu_order":0,"comment_status":"open","ping_status":"closed","template":"","meta":{"pgc_meta":"","_et_pb_use_builder":"","_et_pb_old_content":"","_et_gb_content_width":"","footnotes":""},"aioseo_notices":[],"pgc_meta":"","_links":{"self":[{"href":"https:\/\/www.rafal.es\/ca\/wp-json\/wp\/v2\/pages\/28402"}],"collection":[{"href":"https:\/\/www.rafal.es\/ca\/wp-json\/wp\/v2\/pages"}],"about":[{"href":"https:\/\/www.rafal.es\/ca\/wp-json\/wp\/v2\/types\/page"}],"author":[{"embeddable":true,"href":"https:\/\/www.rafal.es\/ca\/wp-json\/wp\/v2\/users\/1"}],"replies":[{"embeddable":true,"href":"https:\/\/www.rafal.es\/ca\/wp-json\/wp\/v2\/comments?post=28402"}],"version-history":[{"count":0,"href":"https:\/\/www.rafal.es\/ca\/wp-json\/wp\/v2\/pages\/28402\/revisions"}],"up":[{"embeddable":true,"href":"https:\/\/www.rafal.es\/ca\/wp-json\/wp\/v2\/pages\/28397"}],"wp:attachment":[{"href":"https:\/\/www.rafal.es\/ca\/wp-json\/wp\/v2\/media?parent=28402"}],"curies":[{"name":"wp","href":"https:\/\/api.w.org\/{rel}","templated":true}]}}