{"id":28404,"date":"2017-05-15T13:39:45","date_gmt":"2017-05-15T11:39:45","guid":{"rendered":"http:\/\/www.rafal.es\/el-municipi\/patrimoni-cultural\/"},"modified":"2017-05-26T10:13:14","modified_gmt":"2017-05-26T08:13:14","slug":"patrimoni-cultural","status":"publish","type":"page","link":"https:\/\/www.rafal.es\/ca\/el-municipi\/patrimoni-cultural\/","title":{"rendered":"Patrimoni Cultural"},"content":{"rendered":"<p>[et_pb_section bb_built=&#8221;1&#8243; admin_label=&#8221;Secci\u00f3n&#8221; fullwidth=&#8221;on&#8221; specialty=&#8221;off&#8221; transparent_background=&#8221;off&#8221; allow_player_pause=&#8221;off&#8221; inner_shadow=&#8221;off&#8221; parallax=&#8221;off&#8221; parallax_method=&#8221;on&#8221; make_fullwidth=&#8221;off&#8221; use_custom_width=&#8221;off&#8221; width_unit=&#8221;on&#8221; make_equal=&#8221;off&#8221; use_custom_gutter=&#8221;off&#8221;][et_pb_fullwidth_post_title admin_label=&#8221;T\u00edtulo de publicaci\u00f3n de anchura completa&#8221; title=&#8221;on&#8221; meta=&#8221;off&#8221; author=&#8221;on&#8221; date=&#8221;on&#8221; categories=&#8221;on&#8221; comments=&#8221;on&#8221; featured_image=&#8221;off&#8221; featured_placement=&#8221;below&#8221; parallax_effect=&#8221;on&#8221; parallax_method=&#8221;on&#8221; text_orientation=&#8221;center&#8221; text_color=&#8221;light&#8221; text_background=&#8221;on&#8221; text_bg_color=&#8221;rgba(90,150,91,0.8)&#8221; use_border_color=&#8221;off&#8221; border_color=&#8221;#ffffff&#8221; border_style=&#8221;solid&#8221; custom_padding=&#8221;-60%|||&#8221; \/][\/et_pb_section][et_pb_section bb_built=&#8221;1&#8243; admin_label=&#8221;section&#8221;][et_pb_row admin_label=&#8221;row&#8221;][et_pb_column type=&#8221;4_4&#8243;][et_pb_slider admin_label=&#8221;Deslizador&#8221; show_arrows=&#8221;on&#8221; show_pagination=&#8221;on&#8221; auto=&#8221;off&#8221; auto_ignore_hover=&#8221;off&#8221; parallax=&#8221;off&#8221; parallax_method=&#8221;off&#8221; remove_inner_shadow=&#8221;off&#8221; background_position=&#8221;default&#8221; background_size=&#8221;default&#8221; hide_content_on_mobile=&#8221;off&#8221; hide_cta_on_mobile=&#8221;off&#8221; show_image_video_mobile=&#8221;off&#8221; custom_button=&#8221;off&#8221; button_letter_spacing=&#8221;0&#8243; button_use_icon=&#8221;default&#8221; button_icon_placement=&#8221;right&#8221; button_on_hover=&#8221;on&#8221; button_letter_spacing_hover=&#8221;0&#8243;]<\/p>\n<p>[et_pb_slide heading=&#8221;Hist\u00f2ria&#8221; background_image=&#8221;http:\/\/www.rafal.es\/wp-content\/uploads\/2017\/04\/D016569.jpg&#8221; background_position=&#8221;default&#8221; background_size=&#8221;default&#8221; background_color=&#8221;rgba(255,255,255,0.85)&#8221; use_bg_overlay=&#8221;off&#8221; use_text_overlay=&#8221;on&#8221; alignment=&#8221;center&#8221; background_layout=&#8221;light&#8221; allow_player_pause=&#8221;off&#8221; text_border_radius=&#8221;3&#8243; header_font_select=&#8221;default&#8221; header_font=&#8221;|on|||&#8221; body_font_select=&#8221;default&#8221; body_font=&#8221;||||&#8221; custom_button=&#8221;off&#8221; button_font_select=&#8221;default&#8221; button_font=&#8221;||||&#8221; button_use_icon=&#8221;default&#8221; button_icon_placement=&#8221;right&#8221; button_on_hover=&#8221;on&#8221; header_font_size=&#8221;30&#8243; header_font_size_tablet=&#8221;30&#8243; header_font_size_phone=&#8221;30&#8243; text_overlay_color=&#8221;rgba(255,255,255,0.85)&#8221;]L&#8217;origen del nostre poble ho trobem en el regne d&#8217;Al-\u00c1ndalus (Segles VIII-XV) derivant el terme de RAFAL de l&#8217;\u00e0rab R\u00c1H(Al) que significa \u201ccasa als afores d&#8217;una ciutat\u201d i que en la zona del Llevant adquireix la connotaci\u00f3 de \u201ccasa de camp, granja o propietat r\u00fastica particular amb algun edifici i considerable extensi\u00f3 de terres de cultiu, per la qual cosa sol tenir un car\u00e0cter aristocr\u00e0tic\u201d (GUICHARD 1989:11- 24). Repoblat per catalans i aragonesos, la llengua parlada durant segles va ser el catal\u00e0 fins que una nova repoblaci\u00f3 amb gents vingudes de Castella, va ser donant pas amb el transc\u00f3rrer dels anys al castell\u00e0 com a llengua predominant. Va pert\u00e0nyer el lloc de Rafal a diferents fam\u00edlies de la noblesa, sent finalment per a Jer\u00f3nimo Rocamora i Tom\u00e1s, nomenat Marqu\u00e8s de Rafal, que va iniciar en 1636 la marxa de Rafal com a municipi independent d&#8217;Oriola sota el deixant del Marquesat. \u00c9s el primer marqu\u00e8s de Rafal qui inicia les obres de construcci\u00f3 de l&#8217;Esgl\u00e9sia de Rafal, dedicada a La nostra Senyora del Rosario, que s&#8217;anir\u00e0 ampliant amb el pas dels anys, fins a conformar el tra\u00e7at actual que es consolida en dates ja recents. En 1830, segons el cens de la governaci\u00f3 d&#8217;Oriola, Rafal comptava amb 111 ve\u00efns, molts d&#8217;ells habitants de barraques, la humil i t\u00edpica construcci\u00f3 que perdurar\u00e0 fins a meitat del segle XX. En aqueixes dates els cultius predominants eren el blat, ordi, dacsa, alfals, olivera, tarongers, moreres, lli i c\u00e0nem. Durant el segle XX la poblaci\u00f3 experimentar\u00e0 un acusat creixement fins a arribar a 4.135 habitants en 2009 i l&#8217;economia de base predominantment agr\u00edcola ampliar\u00e0 el ventall d&#8217;oferta laboral cap a altres sectors com el de la ind\u00fastria (aliment\u00e0ria, cal\u00e7at, t\u00e8xtil), el de la construcci\u00f3 i altres relacionats amb serveis.[\/et_pb_slide]<\/p>\n<p>[\/et_pb_slider][et_pb_text admin_label=&#8221;Texto&#8221; background_layout=&#8221;light&#8221; text_orientation=&#8221;left&#8221; use_border_color=&#8221;off&#8221; border_color=&#8221;#ffffff&#8221; border_style=&#8221;solid&#8221;]Avui dia, el poble de Rafal compta amb un considerable patrimoni arquitect\u00f2nic. Tots els seus edificis oficials s\u00f3n de moderna construcci\u00f3.<\/p>\n<p>&nbsp;<\/p>\n<p>[pt_view id=&#8221;9c13d57wtl&#8221;][\/et_pb_text][\/et_pb_column][\/et_pb_row][\/et_pb_section]<\/p>\n","protected":false},"excerpt":{"rendered":"<p>L&#8217;origen del nostre poble ho trobem en el regne d&#8217;Al-\u00c1ndalus (Segles VIII-XV) derivant el terme de RAFAL de l&#8217;\u00e0rab R\u00c1H(Al) que significa \u201ccasa als afores d&#8217;una ciutat\u201d i que en la zona del Llevant adquireix la connotaci\u00f3 de \u201ccasa de camp, granja o propietat r\u00fastica particular amb algun edifici i considerable extensi\u00f3 de terres de [&hellip;]<\/p>\n","protected":false},"author":1,"featured_media":0,"parent":28397,"menu_order":0,"comment_status":"open","ping_status":"closed","template":"","meta":{"pgc_meta":"","_et_pb_use_builder":"on","_et_pb_old_content":"","_et_gb_content_width":"","footnotes":""},"aioseo_notices":[],"pgc_meta":"","_links":{"self":[{"href":"https:\/\/www.rafal.es\/ca\/wp-json\/wp\/v2\/pages\/28404"}],"collection":[{"href":"https:\/\/www.rafal.es\/ca\/wp-json\/wp\/v2\/pages"}],"about":[{"href":"https:\/\/www.rafal.es\/ca\/wp-json\/wp\/v2\/types\/page"}],"author":[{"embeddable":true,"href":"https:\/\/www.rafal.es\/ca\/wp-json\/wp\/v2\/users\/1"}],"replies":[{"embeddable":true,"href":"https:\/\/www.rafal.es\/ca\/wp-json\/wp\/v2\/comments?post=28404"}],"version-history":[{"count":0,"href":"https:\/\/www.rafal.es\/ca\/wp-json\/wp\/v2\/pages\/28404\/revisions"}],"up":[{"embeddable":true,"href":"https:\/\/www.rafal.es\/ca\/wp-json\/wp\/v2\/pages\/28397"}],"wp:attachment":[{"href":"https:\/\/www.rafal.es\/ca\/wp-json\/wp\/v2\/media?parent=28404"}],"curies":[{"name":"wp","href":"https:\/\/api.w.org\/{rel}","templated":true}]}}