{"id":28412,"date":"2017-05-15T13:41:11","date_gmt":"2017-05-15T11:41:11","guid":{"rendered":"http:\/\/www.rafal.es\/el-municipi\/turisme\/"},"modified":"2018-04-19T08:47:22","modified_gmt":"2018-04-19T06:47:22","slug":"turisme","status":"publish","type":"page","link":"https:\/\/www.rafal.es\/ca\/el-municipi\/turisme\/","title":{"rendered":"Turisme"},"content":{"rendered":"<p>[et_pb_section bb_built=&#8221;1&#8243; admin_label=&#8221;section&#8221; next_background_color=&#8221;rgba(196,255,211,0.6)&#8221;][et_pb_row custom_margin=&#8221;-5%|||&#8221; parallax_method_1=&#8221;off&#8221; parallax_method_2=&#8221;off&#8221; parallax_method_3=&#8221;off&#8221; background_position=&#8221;top_left&#8221; background_repeat=&#8221;repeat&#8221; background_size=&#8221;initial&#8221;][et_pb_column type=&#8221;1_4&#8243;][\/et_pb_column][et_pb_column type=&#8221;1_2&#8243;][et_pb_post_title meta=&#8221;off&#8221; featured_image=&#8221;off&#8221; text_orientation=&#8221;center&#8221; title_font=&#8221;Bitter|on||on|&#8221; title_font_size=&#8221;54px&#8221; title_letter_spacing=&#8221;-1px&#8221; custom_margin=&#8221;5%|||&#8221; parallax_method=&#8221;on&#8221; \/][\/et_pb_column][et_pb_column type=&#8221;1_4&#8243;][\/et_pb_column][\/et_pb_row][et_pb_row make_fullwidth=&#8221;on&#8221; background_position=&#8221;top_left&#8221; background_repeat=&#8221;repeat&#8221; background_size=&#8221;initial&#8221;][et_pb_column type=&#8221;1_3&#8243;][et_pb_cta title=&#8221;Allotjaments&#8221; button_url=&#8221;\/ca\/el-municipi\/turisme\/allotjaments\/&#8221; button_text=&#8221;Veure m\u00e9s&#8230;&#8221; custom_button=&#8221;on&#8221; button_font=&#8221;Comfortaa||||&#8221; button_icon=&#8221;%%270%%&#8221; background_position=&#8221;top_left&#8221; background_repeat=&#8221;repeat&#8221; background_size=&#8221;initial&#8221; \/][\/et_pb_column][et_pb_column type=&#8221;1_3&#8243;][et_pb_cta title=&#8221;On menjar&#8221; button_url=&#8221;\/ca\/el-municipi\/turisme\/on-menjar\/&#8221; button_text=&#8221;Veure m\u00e9s&#8230;&#8221; custom_button=&#8221;on&#8221; button_font=&#8221;Comfortaa||||&#8221; button_icon=&#8221;%%250%%&#8221; background_position=&#8221;top_left&#8221; background_repeat=&#8221;repeat&#8221; background_size=&#8221;initial&#8221; \/][\/et_pb_column][et_pb_column type=&#8221;1_3&#8243;][et_pb_cta title=&#8221;Gastronomia&#8221; button_url=&#8221;\/gastronomia\/&#8221; button_text=&#8221;Veure m\u00e9s&#8230;&#8221; custom_button=&#8221;on&#8221; button_font=&#8221;Comfortaa||||&#8221; button_icon=&#8221;%%154%%&#8221; background_position=&#8221;top_left&#8221; background_repeat=&#8221;repeat&#8221; background_size=&#8221;initial&#8221; \/][\/et_pb_column][\/et_pb_row][et_pb_row make_fullwidth=&#8221;on&#8221; background_position=&#8221;top_left&#8221; background_repeat=&#8221;repeat&#8221; background_size=&#8221;initial&#8221;][et_pb_column type=&#8221;1_4&#8243;][et_pb_blurb title=&#8221;Mapa de Rafal&#8221; url=&#8221;http:\/\/www.rafal.es\/wp-content\/uploads\/2017\/05\/Plano-de-Rafal.jpg&#8221; use_icon=&#8221;on&#8221; font_icon=&#8221;%%124%%&#8221; text_orientation=&#8221;center&#8221; background_position=&#8221;top_left&#8221; background_repeat=&#8221;repeat&#8221; background_size=&#8221;initial&#8221; \/][\/et_pb_column][et_pb_column type=&#8221;1_4&#8243;][et_pb_blurb title=&#8221;Topon\u00edmica de Rafal&#8221; url=&#8221;http:\/\/www.rafal.es\/wp-content\/uploads\/2017\/05\/RAFAL_TPV.pdf&#8221; use_icon=&#8221;on&#8221; font_icon=&#8221;%%122%%&#8221; text_orientation=&#8221;center&#8221; background_position=&#8221;top_left&#8221; background_repeat=&#8221;repeat&#8221; background_size=&#8221;initial&#8221; \/][\/et_pb_column][et_pb_column type=&#8221;1_4&#8243;][et_pb_blurb title=&#8221;Fotos i multim\u00e8dia&#8221; url_new_window=&#8221;off&#8221; use_icon=&#8221;on&#8221; font_icon=&#8221;%%108%%&#8221; icon_color=&#8221;#5a965b&#8221; use_circle=&#8221;off&#8221; circle_color=&#8221;#5a965b&#8221; use_circle_border=&#8221;off&#8221; circle_border_color=&#8221;#5a965b&#8221; icon_placement=&#8221;top&#8221; use_icon_font_size=&#8221;off&#8221; background_layout=&#8221;light&#8221; text_orientation=&#8221;center&#8221; use_border_color=&#8221;off&#8221; border_color=&#8221;#ffffff&#8221; border_style=&#8221;solid&#8221; animation=&#8221;top&#8221; url=&#8221;\/ca\/el-municipi\/photos-and-multimedia\/&#8221; background_position=&#8221;top_left&#8221; background_repeat=&#8221;repeat&#8221; background_size=&#8221;initial&#8221; \/][\/et_pb_column][et_pb_column type=&#8221;1_4&#8243;][et_pb_blurb title=&#8221;Fullet Tur\u00edstic&#8221; url=&#8221;http:\/\/www.rafal.es\/wp-content\/uploads\/2017\/05\/RAFAL_FOLLETO-COMPLETO-Publicaci\u00f3n-OK-1.pdf&#8221; use_icon=&#8221;on&#8221; font_icon=&#8221;%%98%%&#8221; text_orientation=&#8221;center&#8221; background_position=&#8221;top_left&#8221; background_repeat=&#8221;repeat&#8221; background_size=&#8221;initial&#8221; \/][\/et_pb_column][\/et_pb_row][et_pb_row make_fullwidth=&#8221;on&#8221; background_position=&#8221;top_left&#8221; background_repeat=&#8221;repeat&#8221; background_size=&#8221;initial&#8221;][et_pb_column type=&#8221;1_3&#8243;][et_pb_cta title=&#8221;Festas&#8221; button_url=&#8221;\/festes\/&#8221; button_text=&#8221;Veure m\u00e9s&#8230;&#8221; custom_button=&#8221;on&#8221; button_font=&#8221;Comfortaa||||&#8221; button_icon=&#8221;%%171%%&#8221; background_position=&#8221;top_left&#8221; background_repeat=&#8221;repeat&#8221; background_size=&#8221;initial&#8221; \/][\/et_pb_column][et_pb_column type=&#8221;1_3&#8243;][et_pb_cta title=&#8221;Turisme Actiu&#8221; button_url=&#8221;\/ca\/el-municipi\/turisme\/turisme-actiu\/&#8221; button_text=&#8221;Veure m\u00e9s&#8230;&#8221; custom_button=&#8221;on&#8221; button_font=&#8221;Comfortaa||||&#8221; button_icon=&#8221;%%248%%&#8221; background_position=&#8221;top_left&#8221; background_repeat=&#8221;repeat&#8221; background_size=&#8221;initial&#8221; \/][\/et_pb_column][et_pb_column type=&#8221;1_3&#8243;][et_pb_cta title=&#8221;Patrimoni Cultural&#8221; button_url=&#8221;\/ca\/el-municipi\/patrimoni-cultural\/&#8221; button_text=&#8221;Veure m\u00e9s&#8230;&#8221; custom_button=&#8221;on&#8221; button_font=&#8221;Comfortaa||||&#8221; button_icon=&#8221;%%267%%&#8221; background_position=&#8221;top_left&#8221; background_repeat=&#8221;repeat&#8221; background_size=&#8221;initial&#8221; \/][\/et_pb_column][\/et_pb_row][\/et_pb_section][et_pb_section bb_built=&#8221;1&#8243; fullwidth=&#8221;off&#8221; specialty=&#8221;off&#8221; transparent_background=&#8221;off&#8221; background_color=&#8221;rgba(196,255,211,0.6)&#8221; allow_player_pause=&#8221;off&#8221; inner_shadow=&#8221;off&#8221; parallax=&#8221;off&#8221; parallax_method=&#8221;on&#8221; make_fullwidth=&#8221;off&#8221; use_custom_width=&#8221;off&#8221; width_unit=&#8221;on&#8221; make_equal=&#8221;off&#8221; use_custom_gutter=&#8221;off&#8221; prev_background_color=&#8221;#ffffff&#8221;][et_pb_row allow_player_pause=&#8221;off&#8221; parallax=&#8221;off&#8221; parallax_method=&#8221;on&#8221; parallax_1=&#8221;off&#8221; parallax_method_1=&#8221;off&#8221; make_fullwidth=&#8221;off&#8221; use_custom_width=&#8221;off&#8221; width_unit=&#8221;on&#8221; use_custom_gutter=&#8221;off&#8221; make_equal=&#8221;off&#8221; background_position=&#8221;top_left&#8221; background_repeat=&#8221;repeat&#8221; background_size=&#8221;initial&#8221;][et_pb_column type=&#8221;4_4&#8243;][et_pb_text background_layout=&#8221;light&#8221; text_orientation=&#8221;left&#8221; text_font=&#8221;Bitter|on|||&#8221; text_font_size=&#8221;30&#8243; use_border_color=&#8221;off&#8221; border_color=&#8221;#ffffff&#8221; border_style=&#8221;solid&#8221; background_position=&#8221;top_left&#8221; background_repeat=&#8221;repeat&#8221; background_size=&#8221;initial&#8221; _builder_version=&#8221;3.0.106&#8243;]<\/p>\n<p>RAFAL<\/p>\n<p>[\/et_pb_text][et_pb_text background_layout=&#8221;light&#8221; use_border_color=&#8221;off&#8221; background_position=&#8221;top_left&#8221; background_repeat=&#8221;repeat&#8221; background_size=&#8221;initial&#8221; _builder_version=&#8221;3.0.106&#8243;]<\/p>\n<p><img loading=\"lazy\" decoding=\"async\" class=\"alignleft size-full wp-image-29276\" src=\"http:\/\/www.rafal.es\/wp-content\/uploads\/2012\/02\/rafal_-_portada.jpg\" alt=\"\" width=\"234\" height=\"200\" \/><\/p>\n<p>El terme de Rafal est\u00e0 situat en ple centre de la Vega Baixa, al marge esquerre del Riu Segura i a uns 50 Km. al sud d&#8217;Alacant, la capital de la prov\u00edncia.<\/p>\n<p>Envoltat per complet per terres d&#8217;Oriola, el terme t\u00e9 una superf\u00edcie de sol 1,6 km, i una poblaci\u00f3 aproximada de 4200 habitants en 2010, per la qual cosa coneix una alta densitat demogr\u00e0fica.<\/p>\n<p>El millor acc\u00e9s des d&#8217;Alacant o Murcia \u00e9s a trav\u00e9s de la A-7, enlla\u00e7ant amb la CV-900. La seua situaci\u00f3 facilita la comunicaci\u00f3 mitjan\u00e7ant carreteres locals i comarcals amb la resta de pobles ve\u00efns i amb la costa mediterr\u00e0nia.<\/p>\n<p>L&#8217;altura pel que fa al nivell del mar \u00e9s de 25 metres. Les temperatures s\u00f3n de car\u00e0cter mediterrani, amb escasses pluges, estius calorosos i hiverns suaus, on gaudir del sol \u00e9s una garantia la major part de l&#8217;any.<\/p>\n<p>Com a part de la Vega del Segura, \u00e9s un terreny pla i f\u00e8rtil, \u00e0mpliament conreat, especialment hortalisses i c\u00edtrics, i amb un alt grau de minifundismo.<\/p>\n<p>Rafale\u00f1o\/a \u00e9s el gentilici aplicat a les nostres gents. L&#8217;escut de la poblaci\u00f3 \u00e9s el del Marquesat de Rafal.<\/p>\n<p>\u00a0<\/p>\n<ul>\n<li><a href=\"http:\/\/es.wikipedia.org\/wiki\/rafal\" target=\"_blank\" rel=\"noopener noreferrer\">Informaci\u00f3 sobre el municipi en la Wikipedia<\/a><\/li>\n<li><a href=\"http:\/\/www.costablanca.org\/fichaCompleta.aspx?id_ficha=29576\" target=\"_blank\" rel=\"noopener noreferrer\">Informaci\u00f3 sobre el municipi en Costablanca<\/a><\/li>\n<\/ul>\n<p>[\/et_pb_text][\/et_pb_column][\/et_pb_row][\/et_pb_section]<\/p>\n","protected":false},"excerpt":{"rendered":"<p>RAFAL El terme de Rafal est\u00e0 situat en ple centre de la Vega Baixa, al marge esquerre del Riu Segura i a uns 50 Km. al sud d&#8217;Alacant, la capital de la prov\u00edncia. Envoltat per complet per terres d&#8217;Oriola, el terme t\u00e9 una superf\u00edcie de sol 1,6 km, i una poblaci\u00f3 aproximada de 4200 habitants [&hellip;]<\/p>\n","protected":false},"author":1,"featured_media":0,"parent":28397,"menu_order":0,"comment_status":"open","ping_status":"closed","template":"","meta":{"pgc_meta":"","_et_pb_use_builder":"on","_et_pb_old_content":"","_et_gb_content_width":"","footnotes":""},"aioseo_notices":[],"pgc_meta":"","_links":{"self":[{"href":"https:\/\/www.rafal.es\/ca\/wp-json\/wp\/v2\/pages\/28412"}],"collection":[{"href":"https:\/\/www.rafal.es\/ca\/wp-json\/wp\/v2\/pages"}],"about":[{"href":"https:\/\/www.rafal.es\/ca\/wp-json\/wp\/v2\/types\/page"}],"author":[{"embeddable":true,"href":"https:\/\/www.rafal.es\/ca\/wp-json\/wp\/v2\/users\/1"}],"replies":[{"embeddable":true,"href":"https:\/\/www.rafal.es\/ca\/wp-json\/wp\/v2\/comments?post=28412"}],"version-history":[{"count":0,"href":"https:\/\/www.rafal.es\/ca\/wp-json\/wp\/v2\/pages\/28412\/revisions"}],"up":[{"embeddable":true,"href":"https:\/\/www.rafal.es\/ca\/wp-json\/wp\/v2\/pages\/28397"}],"wp:attachment":[{"href":"https:\/\/www.rafal.es\/ca\/wp-json\/wp\/v2\/media?parent=28412"}],"curies":[{"name":"wp","href":"https:\/\/api.w.org\/{rel}","templated":true}]}}