{"id":28416,"date":"2017-05-15T13:49:40","date_gmt":"2017-05-15T11:49:40","guid":{"rendered":"http:\/\/www.rafal.es\/el-municipi\/turisme\/gastronomia\/"},"modified":"2017-06-14T09:41:55","modified_gmt":"2017-06-14T07:41:55","slug":"gastronomia","status":"publish","type":"page","link":"https:\/\/www.rafal.es\/ca\/el-municipi\/turisme\/gastronomia\/","title":{"rendered":"Gastronomia"},"content":{"rendered":"<p>[et_pb_section bb_built=&#8221;1&#8243; admin_label=&#8221;section&#8221;][et_pb_row admin_label=&#8221;row&#8221; make_fullwidth=&#8221;off&#8221; use_custom_width=&#8221;off&#8221; width_unit=&#8221;on&#8221; use_custom_gutter=&#8221;off&#8221; background_color=&#8221;rgba(90,150,91,0.8)&#8221; allow_player_pause=&#8221;off&#8221; parallax=&#8221;off&#8221; parallax_method=&#8221;on&#8221; make_equal=&#8221;off&#8221; parallax_1=&#8221;off&#8221; parallax_method_1=&#8221;off&#8221; background_position=&#8221;top_left&#8221; background_repeat=&#8221;repeat&#8221; background_size=&#8221;initial&#8221;][et_pb_column type=&#8221;4_4&#8243;][et_pb_text admin_label=&#8221;Texto&#8221; background_layout=&#8221;dark&#8221; text_orientation=&#8221;center&#8221; text_font_size=&#8221;24&#8243; use_border_color=&#8221;off&#8221; border_color=&#8221;#ffffff&#8221; border_style=&#8221;solid&#8221; background_position=&#8221;top_left&#8221; background_repeat=&#8221;repeat&#8221; background_size=&#8221;initial&#8221;]<\/p>\n<h2>Receptes T\u00edpiques<\/h2>\n<p>[\/et_pb_text][\/et_pb_column][\/et_pb_row][et_pb_row admin_label=&#8221;Fila&#8221; background_position=&#8221;top_left&#8221; background_repeat=&#8221;repeat&#8221; background_size=&#8221;initial&#8221;][et_pb_column type=&#8221;4_4&#8243;][et_pb_text admin_label=&#8221;Texto&#8221; background_layout=&#8221;light&#8221; text_orientation=&#8221;left&#8221; use_border_color=&#8221;off&#8221; border_color=&#8221;#ffffff&#8221; border_style=&#8221;solid&#8221; background_position=&#8221;top_left&#8221; background_repeat=&#8221;repeat&#8221; background_size=&#8221;initial&#8221;] A Rafal, es degusten plats tradicionals realitzats amb productes extrets directament de l&#8217;horta. Verdures i hortalisses es converteixen en els principals ingredients de la nostra cuina. Aix\u00ed doncs, podem sadollar al paladar amb un plat de \u201carr\u00f2s clarico\u201d, \u201colla v\u00eddua\u201d, \u201carr\u00f2s de vig\u00edlia\u201d, \u201carr\u00f2s de verdures\u201do \u201cguisat de bacall\u00e0\u201d. No podem oblidar en la taula d&#8217;un rafale\u00f1o una bona amanida, ja siga de lisones, d&#8217;api i escarola, l&#8217;amanida d&#8217;estiu a for\u00e7a de pebrot, ceba i alberg\u00ednies rostides, o qualsevol altra que continga carxofa com a ingredient destacat. Altres plats dignes d&#8217;esmentar en els quals la carn cobra valor s\u00f3n \u201cel bullit amb pilotes\u201d, \u201cl&#8217;arr\u00f2s amb conill\u201d, \u201cl&#8217;arr\u00f2s amb crosta\u201d, \u201cel bullit d&#8217;\u00e0nec\u201d, etc. La nostra gastronomia s&#8217;enriqueix amb les postres i dol\u00e7os tradicionals: els ametlats, mantecados, la pasta flora, les coques escalades i els manxecs en Nadal. En Pasqua, les t\u00edpiques micos (amb ou o sense ou), paparajotes, bunyols, etc. I durant tot l&#8217;any podem gaudir de delicioses almoj\u00e1benas, de la saborosa tortada d&#8217;ametles, o d&#8217;un bon plat d&#8217;arr\u00f2s amb llet perfumat i enriquit amb una ramita de canyella i la pell del llim\u00f3. [\/et_pb_text][et_pb_text admin_label=&#8221;Texto&#8221; background_layout=&#8221;light&#8221; text_orientation=&#8221;left&#8221; border_style=&#8221;solid&#8221; background_position=&#8221;top_left&#8221; background_repeat=&#8221;repeat&#8221; background_size=&#8221;initial&#8221; _builder_version=&#8221;3.0.51&#8243;]<\/p>\n<p>[pt_view id=&#8221;07a3930ldr&#8221;]<\/p>\n<p>[\/et_pb_text][\/et_pb_column][\/et_pb_row][\/et_pb_section]<\/p>\n","protected":false},"excerpt":{"rendered":"<p>Receptes T\u00edpiques A Rafal, es degusten plats tradicionals realitzats amb productes extrets directament de l&#8217;horta. Verdures i hortalisses es converteixen en els principals ingredients de la nostra cuina. Aix\u00ed doncs, podem sadollar al paladar amb un plat de \u201carr\u00f2s clarico\u201d, \u201colla v\u00eddua\u201d, \u201carr\u00f2s de vig\u00edlia\u201d, \u201carr\u00f2s de verdures\u201do \u201cguisat de bacall\u00e0\u201d. No podem oblidar en [&hellip;]<\/p>\n","protected":false},"author":1,"featured_media":0,"parent":28412,"menu_order":0,"comment_status":"open","ping_status":"closed","template":"","meta":{"pgc_meta":"","_et_pb_use_builder":"on","_et_pb_old_content":"<h2>\u00a0<\/h2><p>En Rafal, se degustan platos tradicionales realizados con productos extra\u00eddos directamente de la huerta. Verduras y hortalizas se convierten en los principales ingredientes de nuestra cocina. As\u00ed pues, podemos saciar al paladar con un plato de \u201carroz clarico\u201d, \u201colla viuda\u201d, \u201carroz de vigilia\u201d, \u201carroz de verduras\u201do \u201cguisado de bacalao\u201d. No podemos olvidar en la mesa de un rafale\u00f1o una buena ensalada, ya sea de lisones, de apio y escarola, la ensalada de verano a base de pimiento, cebolla y berenjenas asadas, o cualquier otra que contenga alcachofa como ingrediente destacado.<\/p><p>Otros platos dignos de mencionar en los que la carne cobra valor son \u201cel cocido con pelotas\u201d, \u201cel arroz con conejo\u201d, \u201cel arroz con costra\u201d, \u201cel cocido de pato\u201d, etc.<\/p><p>Nuestra gastronom\u00eda se enriquece con los postres y dulces tradicionales: los almendrados, mantecados, la pasta flora, las tortas escaladas y los manchegos en Navidad. En Pascua, las t\u00edpicas monas (con huevo o sin huevo), paparajotes, bu\u00f1uelos, etc. Y durante todo el a\u00f1o podemos disfrutar de deliciosas almoj\u00e1benas, de la sabrosa tortada de almendras, o de un buen plato de arroz con leche perfumado y enriquecido con una ramita de canela y la piel del lim\u00f3n.<\/p>","_et_gb_content_width":"","footnotes":""},"aioseo_notices":[],"pgc_meta":"","_links":{"self":[{"href":"https:\/\/www.rafal.es\/ca\/wp-json\/wp\/v2\/pages\/28416"}],"collection":[{"href":"https:\/\/www.rafal.es\/ca\/wp-json\/wp\/v2\/pages"}],"about":[{"href":"https:\/\/www.rafal.es\/ca\/wp-json\/wp\/v2\/types\/page"}],"author":[{"embeddable":true,"href":"https:\/\/www.rafal.es\/ca\/wp-json\/wp\/v2\/users\/1"}],"replies":[{"embeddable":true,"href":"https:\/\/www.rafal.es\/ca\/wp-json\/wp\/v2\/comments?post=28416"}],"version-history":[{"count":0,"href":"https:\/\/www.rafal.es\/ca\/wp-json\/wp\/v2\/pages\/28416\/revisions"}],"up":[{"embeddable":true,"href":"https:\/\/www.rafal.es\/ca\/wp-json\/wp\/v2\/pages\/28412"}],"wp:attachment":[{"href":"https:\/\/www.rafal.es\/ca\/wp-json\/wp\/v2\/media?parent=28416"}],"curies":[{"name":"wp","href":"https:\/\/api.w.org\/{rel}","templated":true}]}}