{"id":28431,"date":"2017-05-15T13:54:56","date_gmt":"2017-05-15T11:54:56","guid":{"rendered":"http:\/\/www.rafal.es\/informacio-dinteres\/enllacos-dinteres\/"},"modified":"2017-05-24T13:48:45","modified_gmt":"2017-05-24T11:48:45","slug":"enllacos-dinteres","status":"publish","type":"page","link":"https:\/\/www.rafal.es\/ca\/informacio-dinteres\/enllacos-dinteres\/","title":{"rendered":"Enlla\u00e7os d&#8217;inter\u00e8s"},"content":{"rendered":"<table id=\"tablepress-5\" class=\"tablepress tablepress-id-5\">\n<thead>\n<tr class=\"row-1 odd\">\n<th class=\"column-1\"><\/th>\n<\/tr>\n<\/thead>\n<tfoot>\n<tr class=\"row-12 even\">\n<th class=\"column-1\"><\/th>\n<\/tr>\n<\/tfoot>\n<tbody class=\"row-hover\">\n<tr class=\"row-2 even\">\n<td class=\"column-1\"><a href=\"http:\/\/amasdecasarafal.es.tl\/\" target=\"_blank\" rel=\"noopener noreferrer\">Associaci\u00f3 Mestresses de casa de Rafal<\/a><\/td>\n<\/tr>\n<tr class=\"row-3 odd\">\n<td class=\"column-1\"><a href=\"http:\/\/parroquiarafal.wordpress.com\/\" target=\"_blank\" rel=\"noopener noreferrer\">Esgl\u00e9sia Parroquial Nostra Senyora del Rosario<\/a><\/td>\n<\/tr>\n<tr class=\"row-4 even\">\n<td class=\"column-1\"><a href=\"http:\/\/www.asociacionlagrana.blogspot.com.es\/\" target=\"_blank\" rel=\"noopener noreferrer\">Associaci\u00f3 La Gran\u00e1<\/a><\/td>\n<\/tr>\n<tr class=\"row-5 odd\">\n<td class=\"column-1\"><a href=\"http:\/\/www.residenteseuropeos.com\/\" target=\"_blank\" rel=\"noopener noreferrer\">Ciutadans Estrangers<\/a><\/td>\n<\/tr>\n<tr class=\"row-6 even\">\n<td class=\"column-1\"><a href=\"http:\/\/cbrafal.blogspot.com.es\/\" target=\"_blank\" rel=\"noopener noreferrer\">Rafal Basketball Club<\/a><\/td>\n<\/tr>\n<tr class=\"row-7 odd\">\n<td class=\"column-1\"><a href=\"http:\/\/www.futbolsalarafal.es.tl\/\" target=\"_blank\" rel=\"noopener noreferrer\">Futbol Sala Rafal<\/a><\/td>\n<\/tr>\n<tr class=\"row-8 even\">\n<td class=\"column-1\"><a href=\"http:\/\/www.frontenisrafal.es.tl\/\" target=\"_blank\" rel=\"noopener noreferrer\">Frontenis Rafal<\/a><\/td>\n<\/tr>\n<tr class=\"row-9 odd\">\n<td class=\"column-1\"><a href=\"http:\/\/padelrafal.es.tl\/\" target=\"_blank\" rel=\"noopener noreferrer\">Padel Rafal<\/a><\/td>\n<\/tr>\n<tr class=\"row-10 even\">\n<td class=\"column-1\"><a href=\"http:\/\/saludrafal.blogspot.com.es\/\" target=\"_blank\" rel=\"noopener noreferrer\">Cofrad\u00eda Nuestro Padre Jes\u00fas de la Salud<\/a><\/td>\n<\/tr>\n<tr class=\"row-11 odd\">\n<td class=\"column-1\"><a href=\"http:\/\/www.clubpescaelboqueron.es.tl\/\" target=\"_blank\" rel=\"noopener noreferrer\">Club de Pesca El Boquer\u00f3n<\/a><\/td>\n<\/tr>\n<\/tbody>\n<\/table>\n","protected":false},"excerpt":{"rendered":"<p>Associaci\u00f3 Mestresses de casa de Rafal Esgl\u00e9sia Parroquial Nostra Senyora del Rosario Associaci\u00f3 La Gran\u00e1 Ciutadans Estrangers Rafal Basketball Club Futbol Sala Rafal Frontenis Rafal Padel Rafal Cofrad\u00eda Nuestro Padre Jes\u00fas de la Salud Club de Pesca El Boquer\u00f3n<\/p>\n","protected":false},"author":1,"featured_media":0,"parent":28429,"menu_order":0,"comment_status":"closed","ping_status":"closed","template":"","meta":{"pgc_meta":"","_et_pb_use_builder":"","_et_pb_old_content":"","_et_gb_content_width":"","footnotes":""},"aioseo_notices":[],"pgc_meta":"","_links":{"self":[{"href":"https:\/\/www.rafal.es\/ca\/wp-json\/wp\/v2\/pages\/28431"}],"collection":[{"href":"https:\/\/www.rafal.es\/ca\/wp-json\/wp\/v2\/pages"}],"about":[{"href":"https:\/\/www.rafal.es\/ca\/wp-json\/wp\/v2\/types\/page"}],"author":[{"embeddable":true,"href":"https:\/\/www.rafal.es\/ca\/wp-json\/wp\/v2\/users\/1"}],"replies":[{"embeddable":true,"href":"https:\/\/www.rafal.es\/ca\/wp-json\/wp\/v2\/comments?post=28431"}],"version-history":[{"count":0,"href":"https:\/\/www.rafal.es\/ca\/wp-json\/wp\/v2\/pages\/28431\/revisions"}],"up":[{"embeddable":true,"href":"https:\/\/www.rafal.es\/ca\/wp-json\/wp\/v2\/pages\/28429"}],"wp:attachment":[{"href":"https:\/\/www.rafal.es\/ca\/wp-json\/wp\/v2\/media?parent=28431"}],"curies":[{"name":"wp","href":"https:\/\/api.w.org\/{rel}","templated":true}]}}