{"id":28435,"date":"2017-05-15T14:10:26","date_gmt":"2017-05-15T12:10:26","guid":{"rendered":"http:\/\/www.rafal.es\/informacio-dinteres\/telefons-dinteres\/"},"modified":"2017-05-24T13:50:52","modified_gmt":"2017-05-24T11:50:52","slug":"telefons-dinteres","status":"publish","type":"page","link":"https:\/\/www.rafal.es\/ca\/informacio-dinteres\/telefons-dinteres\/","title":{"rendered":"Tel\u00e8fons d&#8217;inter\u00e8s"},"content":{"rendered":"<table id=\"tablepress-3\" class=\"tablepress tablepress-id-3 dataTable\">\n<thead>\n<tr class=\"row-1 odd\">\n<th class=\"column-1 sorting\" tabindex=\"0\" colspan=\"1\" rowspan=\"1\"><span class=\"table-header\">Organisme<\/span><\/th>\n<th class=\"column-2 sorting\" tabindex=\"0\" colspan=\"1\" rowspan=\"1\"><span class=\"table-header\">Tel\u00e8fon<\/span><\/th>\n<th class=\"column-3 sorting\" tabindex=\"0\" colspan=\"1\" rowspan=\"1\"><\/th>\n<\/tr>\n<\/thead>\n<tfoot>\n<tr class=\"row-21 odd\">\n<th class=\"column-1\" colspan=\"1\" rowspan=\"1\"><\/th>\n<th class=\"column-2\" colspan=\"1\" rowspan=\"1\"><\/th>\n<th class=\"column-3\" colspan=\"1\" rowspan=\"1\"><\/th>\n<\/tr>\n<\/tfoot>\n<tbody class=\"row-hover\">\n<tr class=\"row-2 even\">\n<td class=\"column-1\">Ajuntament<\/td>\n<td class=\"column-2\">Telf.: 966 75 22 67 Fax: 966 75 25 72<\/td>\n<td class=\"column-3\"><\/td>\n<\/tr>\n<tr class=\"row-3 odd\">\n<td class=\"column-1\">Col\u00b7legi P\u00fablic<br \/>\nTrinitario Seva<\/td>\n<td class=\"column-2\">Telf.: 966752142<\/td>\n<td class=\"column-3\">Ubicaci\u00f3: Carrer F\u00e9lix Rodr\u00edguez de la Fuente<\/td>\n<\/tr>\n<tr class=\"row-4 even\">\n<td class=\"column-1\">Banda de M\u00fasica<\/td>\n<td class=\"column-2\">Telf.: 966752583<\/td>\n<td class=\"column-3\"><\/td>\n<\/tr>\n<tr class=\"row-5 odd\">\n<td class=\"column-1\">Biblioteca Municipal<\/td>\n<td class=\"column-2\">Telf.: 966 75 23 62<\/td>\n<td class=\"column-3\">Horari: JULIO: 11:00 a 13:30 horas AGOSTO: Cerrado A partir de SEPTIEMBRE: 17:00 a 20:30 horas<\/td>\n<\/tr>\n<tr class=\"row-6 even\">\n<td class=\"column-1\">Bombers Oriola<\/td>\n<td class=\"column-2\">Telf.: 965303241<\/td>\n<td class=\"column-3\"><\/td>\n<\/tr>\n<tr class=\"row-7 odd\">\n<td class=\"column-1\">Centre Tercera Edat<\/td>\n<td class=\"column-2\">Telf.: 966752141<\/td>\n<td class=\"column-3\"><\/td>\n<\/tr>\n<tr class=\"row-8 even\">\n<td class=\"column-1\">Consultori M\u00e8dic<\/td>\n<td class=\"column-2\">Nuevo Telf.: 966904645 Telf.: 966752975<\/td>\n<td class=\"column-3\"><\/td>\n<\/tr>\n<tr class=\"row-9 odd\">\n<td class=\"column-1\">Correus<\/td>\n<td class=\"column-2\">Telf.: 965311258<\/td>\n<td class=\"column-3\"><\/td>\n<\/tr>\n<tr class=\"row-10 even\">\n<td class=\"column-1\">Creu Roja de Callosa de Segura<\/td>\n<td class=\"column-2\">Telf.: 966756588<\/td>\n<td class=\"column-3\"><\/td>\n<\/tr>\n<tr class=\"row-11 odd\">\n<td class=\"column-1\">Farmacia<\/td>\n<td class=\"column-2\">Telf.: 966752247<\/td>\n<td class=\"column-3\"><\/td>\n<\/tr>\n<tr class=\"row-12 even\">\n<td class=\"column-1\">Guardia Civil de Callosa de Segura<\/td>\n<td class=\"column-2\">Telf.: 965310185<\/td>\n<td class=\"column-3\"><\/td>\n<\/tr>\n<tr class=\"row-13 odd\">\n<td class=\"column-1\">Iberdrola<\/td>\n<td class=\"column-2\">Telf.: 965710248<\/td>\n<td class=\"column-3\"><\/td>\n<\/tr>\n<tr class=\"row-14 even\">\n<td class=\"column-1\">Institut de Rafal<\/td>\n<td class=\"column-2\">Telf.: 965752404<\/td>\n<td class=\"column-3\"><\/td>\n<\/tr>\n<tr class=\"row-15 odd\">\n<td class=\"column-1\">Policia Local<\/td>\n<td class=\"column-2\">Telf\/Fax.: 966752017 M\u00f3vil: 630077891<\/td>\n<td class=\"column-3\"><\/td>\n<\/tr>\n<tr class=\"row-16 even\">\n<td class=\"column-1\">Poliesportiu<br \/>\nMunicipal<\/td>\n<td class=\"column-2\">Telf.: 966752303<\/td>\n<td class=\"column-3\"><\/td>\n<\/tr>\n<tr class=\"row-17 odd\">\n<td class=\"column-1\">Parroquia Nuestra Sra. del Rosario<\/td>\n<td class=\"column-2\">Telf.: 966752223<\/td>\n<td class=\"column-3\"><\/td>\n<\/tr>\n<tr class=\"row-18 even\">\n<td class=\"column-1\">Suma<\/td>\n<td class=\"column-2\">Telf.: 966756970<\/td>\n<td class=\"column-3\"><\/td>\n<\/tr>\n<tr class=\"row-19 odd\">\n<td class=\"column-1\">Taxi Rafal<\/td>\n<td class=\"column-2\">Telf.: 659861765 &#8211; 609610530<\/td>\n<td class=\"column-3\"><\/td>\n<\/tr>\n<tr class=\"row-20 even\">\n<td class=\"column-1\">Urg\u00e8ncies Centre Salut Callosa<\/td>\n<td class=\"column-2\">Telf.: 965311617<\/td>\n<\/tr>\n<\/tbody>\n<\/table>\n","protected":false},"excerpt":{"rendered":"<p>Organisme Tel\u00e8fon Ajuntament Telf.: 966 75 22 67 Fax: 966 75 25 72 Col\u00b7legi P\u00fablic Trinitario Seva Telf.: 966752142 Ubicaci\u00f3: Carrer F\u00e9lix Rodr\u00edguez de la Fuente Banda de M\u00fasica Telf.: 966752583 Biblioteca Municipal Telf.: 966 75 23 62 Horari: JULIO: 11:00 a 13:30 horas AGOSTO: Cerrado A partir de SEPTIEMBRE: 17:00 a 20:30 horas Bombers [&hellip;]<\/p>\n","protected":false},"author":1,"featured_media":0,"parent":28429,"menu_order":0,"comment_status":"closed","ping_status":"closed","template":"","meta":{"pgc_meta":"","_et_pb_use_builder":"","_et_pb_old_content":"","_et_gb_content_width":"","footnotes":""},"aioseo_notices":[],"pgc_meta":"","_links":{"self":[{"href":"https:\/\/www.rafal.es\/ca\/wp-json\/wp\/v2\/pages\/28435"}],"collection":[{"href":"https:\/\/www.rafal.es\/ca\/wp-json\/wp\/v2\/pages"}],"about":[{"href":"https:\/\/www.rafal.es\/ca\/wp-json\/wp\/v2\/types\/page"}],"author":[{"embeddable":true,"href":"https:\/\/www.rafal.es\/ca\/wp-json\/wp\/v2\/users\/1"}],"replies":[{"embeddable":true,"href":"https:\/\/www.rafal.es\/ca\/wp-json\/wp\/v2\/comments?post=28435"}],"version-history":[{"count":0,"href":"https:\/\/www.rafal.es\/ca\/wp-json\/wp\/v2\/pages\/28435\/revisions"}],"up":[{"embeddable":true,"href":"https:\/\/www.rafal.es\/ca\/wp-json\/wp\/v2\/pages\/28429"}],"wp:attachment":[{"href":"https:\/\/www.rafal.es\/ca\/wp-json\/wp\/v2\/media?parent=28435"}],"curies":[{"name":"wp","href":"https:\/\/api.w.org\/{rel}","templated":true}]}}