{"id":28437,"date":"2017-05-15T14:26:47","date_gmt":"2017-05-15T12:26:47","guid":{"rendered":"http:\/\/www.rafal.es\/politica-de-cookies\/"},"modified":"2017-05-15T14:26:47","modified_gmt":"2017-05-15T12:26:47","slug":"politica-de-cookies","status":"publish","type":"page","link":"https:\/\/www.rafal.es\/ca\/politica-de-cookies\/","title":{"rendered":"Pol\u00edtica de cookies"},"content":{"rendered":"<p><strong>Definici\u00f3 de cookies<\/strong><\/p>\n<p>Les cookies s\u00f3n identificadors que enviem al disc dur del seu ordinador a trav\u00e9s del seu navegador Web amb la finalitat de que els nostres sistemes puguen recon\u00e8ixer el seu navegador i oferir-li certs serveis, a continuaci\u00f3 es detallen les cookies utilitzades en aquesta p\u00e0gina web.<\/p>\n<p><strong>Cookies utilitzades<\/strong><\/p>\n<p><em>[table id=1 \/]<\/em><\/p>\n<p><strong>Com deshabilitar les Cookies en els principals navegadors:<\/strong><\/p>\n<p>Normalment \u00e9s possible deixar d&#8217;acceptar les Cookies del navegador, o deixar d&#8217;acceptar les Cookies d&#8217;un Servei en particular.<\/p>\n<p>Tots els navegadors moderns permeten canviar la configuraci\u00f3 de Cookies. Aquests ajustos normalment es troba en les \u2018opcions\u2019 o \u2018Prefer\u00e8ncies\u2019 del men\u00fa del seu navegador. Aix\u00ed mateix, pot configurar el seu navegador o el seu gestor de correu electr\u00f2nic.<\/p>\n<p>A continuaci\u00f3 s&#8217;ofereix orientaci\u00f3 a l&#8217;Usuari sobre els passos per a accedir al men\u00fa de configuraci\u00f3 de les cookies i, si escau, de la navegaci\u00f3 privada en cadascun dels navegadors principals:<\/p>\n<ul>\n<li>Internet Explorer: Eines -&gt; Opcions d&#8217;Internet -&gt; Privadesa -&gt; Configuraci\u00f3. Per a m\u00e9s informaci\u00f3, pot consultar el suport de Microsoft o l&#8217;Ajuda del navegador.<\/li>\n<li>Firefox: Eines -&gt; Opcions -&gt; Privadesa -&gt; Historial -&gt; Configuraci\u00f3 Personalitzada. Per a m\u00e9s informaci\u00f3, pot consultar el suport de Mozilla o l&#8217;Ajuda del navegador.<\/li>\n<li>Chrome: Configuraci\u00f3 -&gt; Mostrar opcions avan\u00e7ades -&gt; Privadesa -&gt; Configuraci\u00f3 de contingut. Per a m\u00e9s informaci\u00f3, pot consultar el suport de Google o l&#8217;Ajuda del navegador.<\/li>\n<li>Safari: Prefer\u00e8ncies -&gt; Seguretat. Per a m\u00e9s informaci\u00f3, pot consultar el suport d&#8217;Apple o l&#8217;Ajuda del navegador.<\/li>\n<\/ul>\n<p><strong>Qu\u00e8 ocorre si es deshabiliten les Cookies?<\/strong><\/p>\n<p>Algunes funcionalitats dels Serveis quedaran deshabilitats com, per exemple, romandre identificat, mantenir les compres en el \u201ccarret de la compra\u201d, etc.<\/p>\n<p><em>\u00a0[table id=1 \/]<\/em><\/p>\n","protected":false},"excerpt":{"rendered":"<p>Definici\u00f3 de cookies Les cookies s\u00f3n identificadors que enviem al disc dur del seu ordinador a trav\u00e9s del seu navegador Web amb la finalitat de que els nostres sistemes puguen recon\u00e8ixer el seu navegador i oferir-li certs serveis, a continuaci\u00f3 es detallen les cookies utilitzades en aquesta p\u00e0gina web. Cookies utilitzades [table id=1 \/] Com [&hellip;]<\/p>\n","protected":false},"author":1,"featured_media":0,"parent":0,"menu_order":0,"comment_status":"closed","ping_status":"closed","template":"","meta":{"pgc_meta":"","_et_pb_use_builder":"","_et_pb_old_content":"","_et_gb_content_width":"","footnotes":""},"aioseo_notices":[],"pgc_meta":"","_links":{"self":[{"href":"https:\/\/www.rafal.es\/ca\/wp-json\/wp\/v2\/pages\/28437"}],"collection":[{"href":"https:\/\/www.rafal.es\/ca\/wp-json\/wp\/v2\/pages"}],"about":[{"href":"https:\/\/www.rafal.es\/ca\/wp-json\/wp\/v2\/types\/page"}],"author":[{"embeddable":true,"href":"https:\/\/www.rafal.es\/ca\/wp-json\/wp\/v2\/users\/1"}],"replies":[{"embeddable":true,"href":"https:\/\/www.rafal.es\/ca\/wp-json\/wp\/v2\/comments?post=28437"}],"version-history":[{"count":0,"href":"https:\/\/www.rafal.es\/ca\/wp-json\/wp\/v2\/pages\/28437\/revisions"}],"wp:attachment":[{"href":"https:\/\/www.rafal.es\/ca\/wp-json\/wp\/v2\/media?parent=28437"}],"curies":[{"name":"wp","href":"https:\/\/api.w.org\/{rel}","templated":true}]}}