{"id":28447,"date":"2017-05-15T14:34:06","date_gmt":"2017-05-15T12:34:06","guid":{"rendered":"http:\/\/www.rafal.es\/serveis\/directori\/"},"modified":"2018-04-18T09:28:08","modified_gmt":"2018-04-18T07:28:08","slug":"directori","status":"publish","type":"page","link":"https:\/\/www.rafal.es\/ca\/serveis\/directori\/","title":{"rendered":"Directorio"},"content":{"rendered":"<p>[su_table]<\/p>\n<table>\n<tbody>\n<tr>\n<th><strong>Organisme<\/strong><\/th>\n<th><strong>Tel\u00e8fon<\/strong><\/th>\n<th><\/th>\n<\/tr>\n<tr>\n<td>Ajuntament<\/td>\n<td>Telf.: 966 75 22 67<br \/>\nFax: 966 75 25 72<\/td>\n<td><\/td>\n<\/tr>\n<tr>\n<td>Colegi P\u00fablic Trinitario Seva<\/td>\n<td>Telf.: 966752142<\/td>\n<td>Ubicaci\u00f3: Carrer F\u00e9lix Rodr\u00edguez de la Fuente<\/td>\n<\/tr>\n<tr>\n<td>Banda de M\u00fasica<\/td>\n<td>Telf.: 966752583<\/td>\n<td><\/td>\n<\/tr>\n<tr>\n<td>Biblioteca Municipal<\/td>\n<td>Telf.: 966 75 23 62<\/td>\n<td>Horari:<br \/>\nJULIOL: 11:00 a 13:30 hores<br \/>\nAGOST: Tancat<br \/>\nA partir de SEPTEMBRE: 17:00 a 20:30 hores<\/td>\n<\/tr>\n<tr>\n<td>Bombers Oriola<\/td>\n<td>Telf.: 965303241<\/td>\n<td><\/td>\n<\/tr>\n<tr>\n<td>Centre Tercera Edat<\/td>\n<td>Telf.: 966752141<\/td>\n<td><\/td>\n<\/tr>\n<tr>\n<td>Consultori M\u00e9dic<\/td>\n<td>Telf.: 966904645<\/td>\n<td><\/td>\n<\/tr>\n<tr>\n<td>Correus<\/td>\n<td>Telf.: 965311258<\/td>\n<td><\/td>\n<\/tr>\n<tr>\n<td>Creu Roja de Callosa de Segura<\/td>\n<td>Telf.: 966756588<\/td>\n<td><\/td>\n<\/tr>\n<tr>\n<td>Farm\u00e0cia<\/td>\n<td>Telf.: 966752247<\/td>\n<td><\/td>\n<\/tr>\n<tr>\n<td>Guardia Civil de Callosa de Segura<\/td>\n<td>Telf.: 965310185<\/td>\n<td><\/td>\n<\/tr>\n<tr>\n<td>Iberdrola<\/td>\n<td>Telf.: 965710248<\/td>\n<td><\/td>\n<\/tr>\n<tr>\n<td>Institut de Rafal<\/td>\n<td>Telf.: 965752404<\/td>\n<td><\/td>\n<\/tr>\n<tr>\n<td>Policia Local<\/td>\n<td>Telf\/Fax.: 966752017<br \/>\nM\u00f3vil: 630077891<\/td>\n<td><\/td>\n<\/tr>\n<tr>\n<td>Poliesportiu Municipal<\/td>\n<td>Telf.: 966752303<\/td>\n<td><\/td>\n<\/tr>\n<tr>\n<td>Parroquia Nuestra Sra. del Rosario<\/td>\n<td>Telf.: 966752223<\/td>\n<td><\/td>\n<\/tr>\n<tr>\n<td>Suma<\/td>\n<td>Telf.: 966756970<\/td>\n<td><\/td>\n<\/tr>\n<tr>\n<td>Taxi Rafal<\/td>\n<td>Telf.: 659861765 &#8211; 609610530<\/td>\n<td><\/td>\n<\/tr>\n<tr>\n<td>Urgencies Centre Salut Callosa<\/td>\n<td>Telf.: 965311617<\/td>\n<td><\/td>\n<\/tr>\n<\/tbody>\n<\/table>\n<p>[\/su_table]<\/p>\n","protected":false},"excerpt":{"rendered":"<p>[su_table] Organisme Tel\u00e8fon Ajuntament Telf.: 966 75 22 67 Fax: 966 75 25 72 Colegi P\u00fablic Trinitario Seva Telf.: 966752142 Ubicaci\u00f3: Carrer F\u00e9lix Rodr\u00edguez de la Fuente Banda de M\u00fasica Telf.: 966752583 Biblioteca Municipal Telf.: 966 75 23 62 Horari: JULIOL: 11:00 a 13:30 hores AGOST: Tancat A partir de SEPTEMBRE: 17:00 a 20:30 hores [&hellip;]<\/p>\n","protected":false},"author":1,"featured_media":0,"parent":28443,"menu_order":0,"comment_status":"open","ping_status":"closed","template":"","meta":{"pgc_meta":"","_et_pb_use_builder":"","_et_pb_old_content":"","_et_gb_content_width":"","footnotes":""},"aioseo_notices":[],"pgc_meta":"","_links":{"self":[{"href":"https:\/\/www.rafal.es\/ca\/wp-json\/wp\/v2\/pages\/28447"}],"collection":[{"href":"https:\/\/www.rafal.es\/ca\/wp-json\/wp\/v2\/pages"}],"about":[{"href":"https:\/\/www.rafal.es\/ca\/wp-json\/wp\/v2\/types\/page"}],"author":[{"embeddable":true,"href":"https:\/\/www.rafal.es\/ca\/wp-json\/wp\/v2\/users\/1"}],"replies":[{"embeddable":true,"href":"https:\/\/www.rafal.es\/ca\/wp-json\/wp\/v2\/comments?post=28447"}],"version-history":[{"count":0,"href":"https:\/\/www.rafal.es\/ca\/wp-json\/wp\/v2\/pages\/28447\/revisions"}],"up":[{"embeddable":true,"href":"https:\/\/www.rafal.es\/ca\/wp-json\/wp\/v2\/pages\/28443"}],"wp:attachment":[{"href":"https:\/\/www.rafal.es\/ca\/wp-json\/wp\/v2\/media?parent=28447"}],"curies":[{"name":"wp","href":"https:\/\/api.w.org\/{rel}","templated":true}]}}