{"id":29072,"date":"2017-05-25T09:40:31","date_gmt":"2017-05-25T07:40:31","guid":{"rendered":"http:\/\/www.rafal.es\/sta-maria-magdalena\/"},"modified":"2017-05-25T09:40:31","modified_gmt":"2017-05-25T07:40:31","slug":"sta-maria-magdalena","status":"publish","type":"page","link":"https:\/\/www.rafal.es\/ca\/sta-maria-magdalena\/","title":{"rendered":"Sta. Mar\u00eda Magdalena"},"content":{"rendered":"<p>L&#8217;origen d&#8217;aquesta Confraria es remunta a l&#8217;any 1957 amb Francisco Garc\u00eda com a President, gr\u00e0cies a l&#8217;obstinaci\u00f3 d&#8217;un grup de joves amb la finalitat de trencar la polaritzaci\u00f3 de la Setmana Santa de Rafal entorn de les confraries de \u201cSant Joan\u201d i \u201cSant Sepulcre\u201d.<\/p>\n<p>La imatge, que simbolitza el perd\u00f3 de Crist i la capacitat de penediment, va ser realitzada per l&#8217;escultor murci\u00e0 Jos\u00e9 S\u00e1nchez Lozano en 1959. Com a nota anecd\u00f2tica els rafale\u00f1os recorden que quan van ser a arreplegar la imatge, l&#8217;artista tan sols els va mostrar el cos i les mans, reservant-se el rostre, doncs al seu semblar havia quedat tan perfecte que ho volia presentar en una exposici\u00f3.<\/p>\n<p>Aquesta confraria participa en la nit de Dissabte Sant obrint la process\u00f3 de el \u201cSant Enterrament\u201d amb el seu estendard acompanyat per dos fanals i les files de confrares que tiren del tron que porta a la santa imatge. Domingo de Ramos tamb\u00e9 participa del goig de la Resurrecci\u00f3 en \u201cLa Gran\u00e1\u201d, acompanyant a la \u201cVerge del Rosario\u201d.<\/p>\n<p>Despr\u00e9s dels primers anys d&#8217;il\u00b7lusi\u00f3 va haver-hi un llarg per\u00edode en qu\u00e8 la imatge no va participar en les desfilades processionals. Fins que de nou uns joves, ja amb aportaci\u00f3 femenina, van prendre les regnes que l&#8217;auge processional anava imposant.<\/p>\n<p>Es va comen\u00e7ar a desfilar amb els confrares penitents vestits de pais\u00e0, per\u00f2 prompte es van confeccionar unes vestas blanques amb capa blava i capirote blanc. En els anys d&#8217;inactivitat moltes es van perdre i en el ressorgiment es va optar per unes vestas i capirote verda sense capa. Ja en els anys noranta es va recuperar el vestuari penitencial dels or\u00edgens.<\/p>\n<p>[su_custom_gallery source=&#8221;media: 29068&#8243; link=&#8221;lightbox&#8221; width=&#8221;200&#8243; height=&#8221;200&#8243; title=&#8221;always&#8221;]<\/p>\n","protected":false},"excerpt":{"rendered":"<p>L&#8217;origen d&#8217;aquesta Confraria es remunta a l&#8217;any 1957 amb Francisco Garc\u00eda com a President, gr\u00e0cies a l&#8217;obstinaci\u00f3 d&#8217;un grup de joves amb la finalitat de trencar la polaritzaci\u00f3 de la Setmana Santa de Rafal entorn de les confraries de \u201cSant Joan\u201d i \u201cSant Sepulcre\u201d. La imatge, que simbolitza el perd\u00f3 de Crist i la capacitat [&hellip;]<\/p>\n","protected":false},"author":1,"featured_media":0,"parent":0,"menu_order":0,"comment_status":"closed","ping_status":"closed","template":"","meta":{"pgc_meta":"","_et_pb_use_builder":"","_et_pb_old_content":"","_et_gb_content_width":"","footnotes":""},"aioseo_notices":[],"pgc_meta":"","_links":{"self":[{"href":"https:\/\/www.rafal.es\/ca\/wp-json\/wp\/v2\/pages\/29072"}],"collection":[{"href":"https:\/\/www.rafal.es\/ca\/wp-json\/wp\/v2\/pages"}],"about":[{"href":"https:\/\/www.rafal.es\/ca\/wp-json\/wp\/v2\/types\/page"}],"author":[{"embeddable":true,"href":"https:\/\/www.rafal.es\/ca\/wp-json\/wp\/v2\/users\/1"}],"replies":[{"embeddable":true,"href":"https:\/\/www.rafal.es\/ca\/wp-json\/wp\/v2\/comments?post=29072"}],"version-history":[{"count":0,"href":"https:\/\/www.rafal.es\/ca\/wp-json\/wp\/v2\/pages\/29072\/revisions"}],"wp:attachment":[{"href":"https:\/\/www.rafal.es\/ca\/wp-json\/wp\/v2\/media?parent=29072"}],"curies":[{"name":"wp","href":"https:\/\/api.w.org\/{rel}","templated":true}]}}