{"id":29080,"date":"2017-05-25T09:49:27","date_gmt":"2017-05-25T07:49:27","guid":{"rendered":"http:\/\/www.rafal.es\/sant-enterrament\/"},"modified":"2017-05-25T09:50:55","modified_gmt":"2017-05-25T07:50:55","slug":"sant-enterrament","status":"publish","type":"page","link":"https:\/\/www.rafal.es\/ca\/sant-enterrament\/","title":{"rendered":"Sant Enterrament"},"content":{"rendered":"<p>L&#8217;esperit jove dels rafale\u00f1os va ser l&#8217;encarregat d&#8217;impulsar la creaci\u00f3 d&#8217;una nova confraria. Si un grup de joves, per a acompanyar a el \u201cpas\u201d de la \u201cVerge dels Dolors\u201d, van reflectir el seu \u00e0nim en la figura del deixeble estimat a qui, al peu de la Creu, Jes\u00fas va encomanar a la seua Mare, en el grup que ens ocupa els \u00e0nims es van encaminar m\u00e9s per la via del sentit dolor\u00f3s de la Mort de Jesucrist.<\/p>\n<p>Per l&#8217;any 1953, Manuel Grau, Mariano, Enrique Mirete, Jos\u00e9 Salines Seva, Antonio Morante Mirete, Francisco Bernabeu Lizardo, Blas Mula Mart\u00ednez, Francisco Herrero Hurtado, Gabriel Guti\u00e9rrez Parres, Joaqu\u00edn G\u00f3mez Lizardo, Montserrate Ferr\u00e1ndez Mart\u00ed i Jos\u00e9 Bertomeu Soriano, van decidir formar una confraria per a prendre part i recuperar les processons de la Setmana Santa rafale\u00f1a. Inspirats per la devoci\u00f3 que la mare d&#8217;Antonio Morante, la \u201ctia Manuela\u201d, professava a la imatge de el \u201cSant Crist Jacent\u201d, van optar per adquirir la imatge d&#8217;un sepulcre. Des de les primeres dates van acordar reunir-se en el taller de fusteria dels oficials, fam\u00edlia a la qual pertanyia Antonio Morante, tenien enfront del carrer de la Creu, molt prop de l&#8217;esgl\u00e9sia.<\/p>\n<p>Amb el pagament de 5 pessetes setmanals van decidir, a l&#8217;any seg\u00fcent, viatjar fins a Val\u00e8ncia, i en el taller escult\u00f2ric de l&#8217;imaginari Vicente Genoll Zan\u00f3n, adquirir la imatge d&#8217;un Sant Sepulcre, tot tallat en fusta, que l&#8217;escultor tenia preparada per a enviar a una parr\u00f2quia peruana. El seu preu va ser de 12.000 pessetes, i el trasllat fins a Rafal es va realitzar sobre un cotxe sense vaca de transport, lligat amb cordes subjectes des de les finestretes.<\/p>\n<p>Una vegada a Rafal, es va guardar en el magatzem de el \u201cCosio\u201d, en el Calvari, fins al seu trasllat a l&#8217;esgl\u00e9sia per a ser bene\u00efda i convertir-se des d&#8217;aqueix mateix instant en un punt de refer\u00e8ncia de la Setmana Santa per la seua magnificencia escult\u00f2rica i per la serietat de la seua desfilar.<\/p>\n<p>A partir de l&#8217;any 1954, en la nit de Dissabte Sant, processiona la \u201cConfraria del Sant Sepulcre\u201d, amb la seua imatge de \u201cCrist Jacent\u201d reflectint en la nuesa del seu cos l&#8217;\u00faltim al\u00e8 de la vida terrena, escortada pels penitents amb els seus vestits negres i els ciris que vessen la seua cera a manera de ll\u00e0grimes d&#8217;aflicci\u00f3 al llarg de el \u201cSant Enterrament\u201d.<\/p>\n<p>Dos anys m\u00e9s tard confeccionava un estendard amb la imatge del titular brodada en fil d&#8217;or, obra d&#8217;artesania que d\u00f3na valor al ja de per si mateix ric patrimoni de la confraria.<\/p>\n<p>Clar aquesta que la quota de 5 pessetes no podia donar per a molt amb el pas del temps, per\u00f2 tampoc els recursos personals experimentant grans progressos. Per a\u00e7\u00f2, la confraria va decidir traure la seua vena art\u00edstica i formar tamb\u00e9 un grup teatral que amb les seues interpretacions poguera recaptar fons per a mantenir el creixent ritme d&#8217;evoluci\u00f3 de les despeses processionals. El seu repertori abastava des de com\u00e8dies lleugeres i costumistes com \u201cEl Pare Cigarreta\u201d de Carlos Arniches i \u201cAnacleto es divorcia\u201d de Pedro Mu\u00f1oz Seca, fins al drama \u201cTerra Baixa\u201d de D. \u00c1ngel Grimera. Eren anys en qu\u00e8 a Rafal es podia parlar d&#8217;una vertadera temporada teatral, on les actuacions de el \u201cSepulcre\u201d alternaven en l&#8217;escenari amb les de \u201cSant Joan\u201d i les gents es dividien en partidaris d&#8217;uns o uns altres.<\/p>\n<p>Fins avui, la imatge s&#8217;ha vist restaurada en una ocasi\u00f3, doncs el temps anava fent mossa en ella i el coixinet i els peus comen\u00e7aven a esquerdar-se. La tasca de restauraci\u00f3 va ser duta a terme pel pintor de la ve\u00efna localitat de Sant Bartolom\u00e9, D. Manuel Fuentes.<\/p>\n<p>Avui processiona en un senzill tron realitzat per Antonio Morante, que deixa veure el cos de Jesucrist tibant davant la freda mort i esglaiat pel patiment del seu martiri.<\/p>\n<p>[su_custom_gallery source=&#8221;media: 29076&#8243; link=&#8221;lightbox&#8221; width=&#8221;200&#8243; height=&#8221;200&#8243; title=&#8221;always&#8221;]<\/p>\n<p>&nbsp;<\/p>\n","protected":false},"excerpt":{"rendered":"<p>L&#8217;esperit jove dels rafale\u00f1os va ser l&#8217;encarregat d&#8217;impulsar la creaci\u00f3 d&#8217;una nova confraria. Si un grup de joves, per a acompanyar a el \u201cpas\u201d de la \u201cVerge dels Dolors\u201d, van reflectir el seu \u00e0nim en la figura del deixeble estimat a qui, al peu de la Creu, Jes\u00fas va encomanar a la seua Mare, en [&hellip;]<\/p>\n","protected":false},"author":1,"featured_media":0,"parent":0,"menu_order":0,"comment_status":"closed","ping_status":"closed","template":"","meta":{"pgc_meta":"","_et_pb_use_builder":"","_et_pb_old_content":"","_et_gb_content_width":"","footnotes":""},"aioseo_notices":[],"pgc_meta":"","_links":{"self":[{"href":"https:\/\/www.rafal.es\/ca\/wp-json\/wp\/v2\/pages\/29080"}],"collection":[{"href":"https:\/\/www.rafal.es\/ca\/wp-json\/wp\/v2\/pages"}],"about":[{"href":"https:\/\/www.rafal.es\/ca\/wp-json\/wp\/v2\/types\/page"}],"author":[{"embeddable":true,"href":"https:\/\/www.rafal.es\/ca\/wp-json\/wp\/v2\/users\/1"}],"replies":[{"embeddable":true,"href":"https:\/\/www.rafal.es\/ca\/wp-json\/wp\/v2\/comments?post=29080"}],"version-history":[{"count":0,"href":"https:\/\/www.rafal.es\/ca\/wp-json\/wp\/v2\/pages\/29080\/revisions"}],"wp:attachment":[{"href":"https:\/\/www.rafal.es\/ca\/wp-json\/wp\/v2\/media?parent=29080"}],"curies":[{"name":"wp","href":"https:\/\/api.w.org\/{rel}","templated":true}]}}