{"id":29567,"date":"2018-04-18T12:20:29","date_gmt":"2018-04-18T10:20:29","guid":{"rendered":"http:\/\/www.rafal.es\/?page_id=29567"},"modified":"2018-04-18T12:20:29","modified_gmt":"2018-04-18T10:20:29","slug":"pgou","status":"publish","type":"page","link":"https:\/\/www.rafal.es\/ca\/pgou\/","title":{"rendered":"PGOU"},"content":{"rendered":"<p><strong>PL\u00c0NOLS D&#8217;INFORMACI\u00d3<\/strong><\/p>\n<ul>\n<li><a class=\"fancybox-pdf\" href=\"http:\/\/www.rafal.es\/wp-content\/uploads\/2018\/04\/PLANO-01-TERMINO-MUNICIPAL.pdf\" target=\"_blank\" rel=\"noopener\">PLANO 01 TERMINO MUNICIPAL<\/a><\/li>\n<li><a class=\"fancybox-pdf\" href=\"http:\/\/www.rafal.es\/wp-content\/uploads\/2018\/04\/PLANO-01.1-TERMINO-MUNICIPAL.pdf\" target=\"_blank\" rel=\"noopener\">PLANO 01.1 TERMINO MUNICIPAL<\/a><\/li>\n<li><a class=\"fancybox-pdf\" href=\"http:\/\/www.rafal.es\/wp-content\/uploads\/2018\/04\/PLANO-01.2-TERMINO-MUNICIPAL.pdf\" target=\"_blank\" rel=\"noopener\">PLANO 01.2 TERMINO MUNICIPAL<\/a><\/li>\n<li><a class=\"fancybox-pdf\" href=\"http:\/\/www.rafal.es\/wp-content\/uploads\/2018\/04\/PLANO-03-ESTADO-ACTUAL.pdf\" target=\"_blank\" rel=\"noopener\">PLANO 03 ESTADO ACTUAL<\/a><\/li>\n<li><a class=\"fancybox-pdf\" href=\"http:\/\/www.rafal.es\/wp-content\/uploads\/2018\/04\/PLANO-04-VEGETACION.pdf\" target=\"_blank\" rel=\"noopener\">PLANO 04 VEGETACION<\/a><\/li>\n<li><a class=\"fancybox-pdf\" href=\"http:\/\/www.rafal.es\/wp-content\/uploads\/2018\/04\/PLANO-05-VIAS-PECUARIAS.pdf\" target=\"_blank\" rel=\"noopener\">PLANO 05 VIAS PECUARIAS<\/a><\/li>\n<\/ul>\n<p><strong>PL\u00c0NOLS D&#8217;ORDENACI\u00d3 CASC URB\u00c0<\/strong><\/p>\n<ul>\n<li><a class=\"fancybox-pdf\" href=\"http:\/\/www.rafal.es\/wp-content\/uploads\/2018\/04\/PLANO-01.-MODELO-TERRITORIAL.pdf\" target=\"_blank\" rel=\"noopener\">PLANO 01. MODELO TERRITORIAL<\/a><\/li>\n<li><a class=\"fancybox-pdf\" href=\"http:\/\/www.rafal.es\/wp-content\/uploads\/2018\/04\/PLANO-02.-CLASIFICACION-DE-SUELOS.pdf\" target=\"_blank\" rel=\"noopener\">PLANO 02. CLASIFICACION DE SUELOS<\/a><\/li>\n<li><a class=\"fancybox-pdf\" href=\"http:\/\/www.rafal.es\/wp-content\/uploads\/2018\/04\/PLANO-03.REDES-ESTRUTURALES.pdf\" target=\"_blank\" rel=\"noopener\">PLANO 03.REDES ESTRUTURALES<\/a><\/li>\n<li><a class=\"fancybox-pdf\" href=\"http:\/\/www.rafal.es\/wp-content\/uploads\/2018\/04\/PLANO-04.-ZONAS-DE-ORDENACION.pdf\" target=\"_blank\" rel=\"noopener\">PLANO 04. ZONAS DE ORDENACION<\/a><\/li>\n<li><a class=\"fancybox-pdf\" href=\"http:\/\/www.rafal.es\/wp-content\/uploads\/2018\/04\/PLANO-05.-01.-ZONIFICACION.-TIPOLOGIA-DE-EDIFICACION.-ALINEACIONES-Y-RASANTES.pdf\" target=\"_blank\" rel=\"noopener\">PLANO 05. 01. ZONIFICACION. TIPOLOGIA DE EDIFICACION. ALINEACIONES Y RASANTES<\/a><\/li>\n<li><a class=\"fancybox-pdf\" href=\"http:\/\/www.rafal.es\/wp-content\/uploads\/2018\/04\/PLANO-05.-02.-ZONIFICACION.-TIPOLOGIA-DE-EDIFICACION.-ALINEACIONES-Y-RASANTES.pdf\" target=\"_blank\" rel=\"noopener\">PLANO 05. 02. ZONIFICACION. TIPOLOGIA DE EDIFICACION. ALINEACIONES Y RASANTES<\/a><\/li>\n<li><a class=\"fancybox-pdf\" href=\"http:\/\/www.rafal.es\/wp-content\/uploads\/2018\/04\/PLANO-05.-03.-ZONIFICACION.-TIPOLOGIA-DE-EDIFICACION.-ALINEACIONES-Y-RASANTES.pdf\" target=\"_blank\" rel=\"noopener\">PLANO 05. 03. ZONIFICACION. TIPOLOGIA DE EDIFICACION. ALINEACIONES Y RASANTES<\/a><\/li>\n<li><a class=\"fancybox-pdf\" href=\"http:\/\/www.rafal.es\/wp-content\/uploads\/2018\/04\/PLANO-05.-04.-ZONIFICACION.-TIPOLOGIA-DE-EDIFICACION.-ALINEACIONES-Y-RASANTES.pdf\" target=\"_blank\" rel=\"noopener\">PLANO 05. 04. ZONIFICACION. TIPOLOGIA DE EDIFICACION. ALINEACIONES Y RASANTES<\/a><\/li>\n<li><a class=\"fancybox-pdf\" href=\"http:\/\/www.rafal.es\/wp-content\/uploads\/2018\/04\/PLANO-05.-05.-ZONIFICACION.-TIPOLOGIA-DE-EDIFICACION.-ALINEACIONES-Y-RASANTES.pdf\" target=\"_blank\" rel=\"noopener\">PLANO 05. 05. ZONIFICACION. TIPOLOGIA DE EDIFICACION. ALINEACIONES Y RASANTES<\/a><\/li>\n<li><a class=\"fancybox-pdf\" href=\"http:\/\/www.rafal.es\/wp-content\/uploads\/2018\/04\/PLANO-05.-06.-ZONIFICACION.-TIPOLOGIA-DE-EDIFICACION.-ALINEACIONES-Y-RASANTES.pdf\" target=\"_blank\" rel=\"noopener\">PLANO 05. 06. ZONIFICACION. TIPOLOGIA DE EDIFICACION. ALINEACIONES Y RASANTES<\/a><\/li>\n<li><a class=\"fancybox-pdf\" href=\"http:\/\/www.rafal.es\/wp-content\/uploads\/2017\/08\/PLANO-05.-ZONIFICACION.-TIPOLOGIA-DE-EDIFICACION.-ALINEACIONES-Y-RASANTES.pdf\" target=\"_blank\" rel=\"noopener\">PLANO 05. ZONIFICACION. TIPOLOGIA DE EDIFICACION. ALINEACIONES Y RASANTES<\/a><\/li>\n<li><a class=\"fancybox-pdf\" href=\"http:\/\/www.rafal.es\/wp-content\/uploads\/2018\/04\/PLANO-06.-DELIMITACION-DE-SECTORES-AREAS-DE-REPARTO-Y-UNIDADES-DE-EJECUCION.pdf\" target=\"_blank\" rel=\"noopener\">PLANO 06. DELIMITACION DE SECTORES, AREAS DE REPARTO Y UNIDADES DE EJECUCION<\/a><\/li>\n<li><a class=\"fancybox-pdf\" href=\"http:\/\/www.rafal.es\/wp-content\/uploads\/2018\/04\/PLANO-07.-VIAS-PECUARIAS.pdf\" target=\"_blank\" rel=\"noopener\">PLANO 07. VIAS PECUARIAS<\/a><\/li>\n<\/ul>\n<p><strong>PL\u00c0NOLS D&#8217;ORDENACI\u00d3 POL\u00cdGON INDUSTRIAL<\/strong><\/p>\n<ul>\n<li><a class=\"fancybox-pdf\" href=\"http:\/\/www.rafal.es\/wp-content\/uploads\/2018\/04\/PLANO-01.SITUACION-EN-EL-TERMINO.pdf\" target=\"_blank\" rel=\"noopener\">PLANO 01.SITUACION EN EL TERMINO<\/a><\/li>\n<li><a class=\"fancybox-pdf\" href=\"http:\/\/www.rafal.es\/wp-content\/uploads\/2018\/04\/PLANO-02.-UNIDAD-DE-EJECUCION.pdf\" target=\"_blank\" rel=\"noopener\">PLANO 02. UNIDAD DE EJECUCION<\/a><\/li>\n<li><a class=\"fancybox-pdf\" href=\"http:\/\/www.rafal.es\/wp-content\/uploads\/2018\/04\/PLANO-03.-AREA-DE-REPARTO.pdf\" target=\"_blank\" rel=\"noopener\">PLANO 03. AREA DE REPARTO<\/a><\/li>\n<li><a class=\"fancybox-pdf\" href=\"http:\/\/www.rafal.es\/wp-content\/uploads\/2018\/04\/PLANO-04.IDENTIFICACION-DE-PARCELAS.pdf\" target=\"_blank\" rel=\"noopener\">PLANO 04.IDENTIFICACION DE PARCELAS<\/a><\/li>\n<li><a class=\"fancybox-pdf\" href=\"http:\/\/www.rafal.es\/wp-content\/uploads\/2018\/04\/PLANO-05.-DISTRIBUCION-Y-ZONIFICACI\u00d3N.pdf\">PLANO 05. DISTRIBUCION Y ZONIFICACI\u00d3N<\/a><\/li>\n<li><a class=\"fancybox-pdf\" href=\"http:\/\/www.rafal.es\/wp-content\/uploads\/2018\/04\/PLANO-06.-IDENTIFICACION-DE-VIALES.pdf\" target=\"_blank\" rel=\"noopener\">PLANO 06. IDENTIFICACION DE VIALES<\/a><\/li>\n<li><a class=\"fancybox-pdf\" href=\"http:\/\/www.rafal.es\/wp-content\/uploads\/2018\/04\/PLANO-08-DISTRIBUCION-DE-APARCAMINETOS-ESQUEMAS-DE-TRAFICO-.pdf\" target=\"_blank\" rel=\"noopener\">PLANO 08 DISTRIBUCION DE APARCAMINETOS, ESQUEMAS DE TRAFICO<\/a><\/li>\n<li><a class=\"fancybox-pdf\" href=\"http:\/\/www.rafal.es\/wp-content\/uploads\/2018\/04\/PLANO-09.-ALINEACIONES-Y-COTAS-DE-CALLE.pdf\" target=\"_blank\" rel=\"noopener\">PLANO 09. ALINEACIONES Y COTAS DE CALLE<\/a><\/li>\n<\/ul>\n<p><strong>PL\u00c0NOLS D&#8217;ORDENACI\u00d3 SECTOR SUD<\/strong><\/p>\n<ul>\n<li><a class=\"fancybox-pdf\" href=\"http:\/\/www.rafal.es\/wp-content\/uploads\/2018\/04\/PLANO-01.-SITUACION-EN-EL-TERMINO.pdf\" target=\"_blank\" rel=\"noopener\">PLANO 01. SITUACION EN EL TERMINO<\/a><\/li>\n<li><a class=\"fancybox-pdf\" href=\"http:\/\/www.rafal.es\/wp-content\/uploads\/2018\/04\/PLANO-02.-UNIDAD-DE-EJECUCION-2.pdf\" target=\"_blank\" rel=\"noopener\">PLANO 02. UNIDADES DE EJECUCION<\/a><\/li>\n<li><a class=\"fancybox-pdf\" href=\"http:\/\/www.rafal.es\/wp-content\/uploads\/2018\/04\/PLANO-03.-AREA-DE-REPARTO-2.pdf\" target=\"_blank\" rel=\"noopener\">PLANO 03. AREAS DE REPARTO<\/a><\/li>\n<li><a class=\"fancybox-pdf\" href=\"http:\/\/www.rafal.es\/wp-content\/uploads\/2018\/04\/PLANO-04.-IDENTIFICACION-DE-PARCELAS.pdf\" target=\"_blank\" rel=\"noopener\">PLANO 04. IDENTIFICACION DE PARCELAS<\/a><\/li>\n<li><a class=\"fancybox-pdf\" href=\"http:\/\/www.rafal.es\/wp-content\/uploads\/2018\/04\/PLANO-05.-DISTRIBUCION-Y-ZONIFICACION.pdf\" target=\"_blank\" rel=\"noopener\">PLANO 05. DISTRIBUCION Y ZONIFICACION<\/a><\/li>\n<li><a class=\"fancybox-pdf\" href=\"http:\/\/www.rafal.es\/wp-content\/uploads\/2018\/04\/PLANO-06.-IDENTIFICACION-DE-VIALES-1-1.pdf\" target=\"_blank\" rel=\"noopener\">PLANO 06. IDENTIFICACION DE VIALES<\/a><\/li>\n<li><a class=\"fancybox-pdf\" href=\"http:\/\/www.rafal.es\/wp-content\/uploads\/2018\/04\/PLANO-08.-DISTRIBUCION-DE-APARCAMIENTOS-ESQUEMA-DE-TRAFICO.pdf\" target=\"_blank\" rel=\"noopener\">PLANO 08. DISTRIBUCION DE APARCAMIENTOS, ESQUEMA DE TRAFICO<\/a><\/li>\n<li><a class=\"fancybox-pdf\" href=\"http:\/\/www.rafal.es\/wp-content\/uploads\/2018\/04\/PLANO-09.-ALINEACIONES-Y-RASANTES-ACOTACION-VIARIA.pdf\" target=\"_blank\" rel=\"noopener\">PLANO 09. ALINEACIONES Y RASANTES, ACOTACION VIARIA<\/a><\/li>\n<\/ul>\n<p>&nbsp;<\/p>\n<p><a class=\"fancybox-pdf\" href=\"http:\/\/www.rafal.es\/wp-content\/uploads\/2018\/04\/CORRECCION-DE-ERROR-MATERIAL-P.G..pdf\" target=\"_blank\" rel=\"noopener\">CORRECCION DE ERROR MATERIAL P.G.<\/a><\/p>\n<p><a class=\"fancybox-pdf\" href=\"http:\/\/www.rafal.es\/wp-content\/uploads\/2018\/04\/DOGV-APROBACION-P.G.O.U.-RAFAL.pdf\" target=\"_blank\" rel=\"noopener\">DOGV APROBACION P.G.O.U. RAFAL<\/a><\/p>\n<p><a class=\"fancybox-pdf\" href=\"http:\/\/www.rafal.es\/wp-content\/uploads\/2018\/04\/MODIF-PUNTUAL-N\u00ba-1-P.G..pdf\" target=\"_blank\" rel=\"noopener\">MODIF PUNTUAL N\u00ba 1 P.G.<\/a><\/p>\n<p><a class=\"fancybox-pdf\" href=\"http:\/\/www.rafal.es\/wp-content\/uploads\/2018\/04\/MODIF-PUNTUAL-N\u00ba-2-P.G.-NORMAS-URBANISTICAS-SECTOR-SUR.pdf\" target=\"_blank\" rel=\"noopener\">MODIF PUNTUAL N\u00ba 2 P.G. \u2013 NORMAS URBANISTICAS SECTOR SUR<\/a><\/p>\n<p><a class=\"fancybox-pdf\" href=\"http:\/\/www.rafal.es\/wp-content\/uploads\/2018\/04\/NORMAS-URBANISTICAS-POLIGONO-INDUSTRIAL.pdf\" target=\"_blank\" rel=\"noopener\">NORMAS URBANISTICAS POLIGONO INDUSTRIAL<\/a><\/p>\n<p><a class=\"fancybox-pdf\" href=\"http:\/\/www.rafal.es\/wp-content\/uploads\/2018\/04\/NORMAS-URBANISTICAS-PUBLICADAS-EN-EL-B.O.P..pdf\" target=\"_blank\" rel=\"noopener\">NORMAS URBANISTICAS PUBLICADAS EN EL B.O.P.<\/a><\/p>\n","protected":false},"excerpt":{"rendered":"<p>PL\u00c0NOLS D&#8217;INFORMACI\u00d3 PLANO 01 TERMINO MUNICIPAL PLANO 01.1 TERMINO MUNICIPAL PLANO 01.2 TERMINO MUNICIPAL PLANO 03 ESTADO ACTUAL PLANO 04 VEGETACION PLANO 05 VIAS PECUARIAS PL\u00c0NOLS D&#8217;ORDENACI\u00d3 CASC URB\u00c0 PLANO 01. MODELO TERRITORIAL PLANO 02. CLASIFICACION DE SUELOS PLANO 03.REDES ESTRUTURALES PLANO 04. ZONAS DE ORDENACION PLANO 05. 01. ZONIFICACION. TIPOLOGIA DE EDIFICACION. ALINEACIONES Y [&hellip;]<\/p>\n","protected":false},"author":3,"featured_media":0,"parent":0,"menu_order":0,"comment_status":"closed","ping_status":"closed","template":"","meta":{"pgc_meta":"","_et_pb_use_builder":"off","_et_pb_old_content":"","_et_gb_content_width":"","footnotes":""},"aioseo_notices":[],"pgc_meta":"","_links":{"self":[{"href":"https:\/\/www.rafal.es\/ca\/wp-json\/wp\/v2\/pages\/29567"}],"collection":[{"href":"https:\/\/www.rafal.es\/ca\/wp-json\/wp\/v2\/pages"}],"about":[{"href":"https:\/\/www.rafal.es\/ca\/wp-json\/wp\/v2\/types\/page"}],"author":[{"embeddable":true,"href":"https:\/\/www.rafal.es\/ca\/wp-json\/wp\/v2\/users\/3"}],"replies":[{"embeddable":true,"href":"https:\/\/www.rafal.es\/ca\/wp-json\/wp\/v2\/comments?post=29567"}],"version-history":[{"count":0,"href":"https:\/\/www.rafal.es\/ca\/wp-json\/wp\/v2\/pages\/29567\/revisions"}],"wp:attachment":[{"href":"https:\/\/www.rafal.es\/ca\/wp-json\/wp\/v2\/media?parent=29567"}],"curies":[{"name":"wp","href":"https:\/\/api.w.org\/{rel}","templated":true}]}}