{"id":28380,"date":"2017-05-15T11:53:09","date_gmt":"2017-05-15T09:53:09","guid":{"rendered":"http:\/\/www.rafal.es\/city-council\/equip-de-govern\/"},"modified":"2017-05-29T14:37:56","modified_gmt":"2017-05-29T12:37:56","slug":"equip-de-govern","status":"publish","type":"page","link":"https:\/\/www.rafal.es\/en\/city-council\/equip-de-govern\/","title":{"rendered":"Government Equipment"},"content":{"rendered":"<h3><strong>Mayor-President<\/strong><\/h3>\n<p><strong>D. Manuel Pineda Cuenca.<\/strong><\/p>\n<p><em>Department of Institutional Relations and Environment.<br \/>\n<\/em><\/p>\n<h3><strong>Concejal\u00edas<\/strong><\/h3>\n<p><strong>D\u00aa. Mar\u00eda Noem\u00ed Cutillas Mart\u00ednez (1\u00ba Teniente Alcalde).<\/strong><\/p>\n<p><em>Department of Social Services, Citizen Participation, Employment and Training.<br \/>\n<\/em><\/p>\n<p><strong>D. Francisco Jes\u00fas Garc\u00eda G\u00f3mez (2\u00ba Teniente Alcalde).<\/strong><\/p>\n<p><em>Regidoria d&#8217;Educaci\u00f3, Sanitat, Consum, Coordinaci\u00f3 d&#8217;\u00c0rees i Seguretat Ciutadana.<br \/>\n<\/em><\/p>\n<p><strong>D\u00aa. Yolanda Leal Monera.<br \/>\n<\/strong><\/p>\n<p><em>Council of Protocol, Senior Citizens, Equality, Culture, Commerce, Markets and Transportation.<br \/>\n<\/em><\/p>\n<p><strong>D. Alberto Hidalgo Gri\u00f1an.<\/strong><\/p>\n<p><em>Concejal\u00eda de Festejos Populares, Services and Public Works.<br \/>\n<\/em><\/p>\n<p><strong>D\u00aa. Silvia Pastor Pellicer.<br \/>\n<\/strong><\/p>\n<p><em>Concejal\u00eda de Hacienda, Urbanism, Internal Regime, Personnel, Communication and New Technologies.<br \/>\n<\/em><\/p>\n<p><strong>D. Jos\u00e9 Yeray Paredes Mart\u00ednez (3\u00ba Teniente Alcalde).<\/strong><\/p>\n<p><em>Department of Sports, Youth and Tourism.<br \/>\n<\/em><\/p>\n<h3><strong>Municipal Group Popular Party<\/strong><\/h3>\n<p><strong>D\u00aa.\u00a0M\u00aa Dolores Navarro Cayuelas.<\/strong><\/p>\n<p><strong>D\u00aa. Encarnaci\u00f3n Fern\u00e1ndez Manresa.<\/strong><\/p>\n<p><strong>D. Alberto Pastor Maci\u00e1.<br \/>\n<\/strong><\/p>\n<p><strong>D\u00aa. Mar\u00eda Carmen S\u00e1ez Mart\u00ednez.<\/strong><\/p>\n","protected":false},"excerpt":{"rendered":"<p>Mayor-President D. Manuel Pineda Cuenca. Department of Institutional Relations and Environment. Concejal\u00edas D\u00aa. Mar\u00eda Noem\u00ed Cutillas Mart\u00ednez (1\u00ba Teniente Alcalde). Department of Social Services, Citizen Participation, Employment and Training. D. Francisco Jes\u00fas Garc\u00eda G\u00f3mez (2\u00ba Teniente Alcalde). Regidoria d&#8217;Educaci\u00f3, Sanitat, Consum, Coordinaci\u00f3 d&#8217;\u00c0rees i Seguretat Ciutadana. D\u00aa. Yolanda Leal Monera. Council of Protocol, Senior Citizens, [&hellip;]<\/p>\n","protected":false},"author":1,"featured_media":0,"parent":28336,"menu_order":0,"comment_status":"open","ping_status":"closed","template":"","meta":{"pgc_meta":"","_et_pb_use_builder":"on","_et_pb_old_content":"","_et_gb_content_width":"","footnotes":""},"aioseo_notices":[],"pgc_meta":"","_links":{"self":[{"href":"https:\/\/www.rafal.es\/en\/wp-json\/wp\/v2\/pages\/28380"}],"collection":[{"href":"https:\/\/www.rafal.es\/en\/wp-json\/wp\/v2\/pages"}],"about":[{"href":"https:\/\/www.rafal.es\/en\/wp-json\/wp\/v2\/types\/page"}],"author":[{"embeddable":true,"href":"https:\/\/www.rafal.es\/en\/wp-json\/wp\/v2\/users\/1"}],"replies":[{"embeddable":true,"href":"https:\/\/www.rafal.es\/en\/wp-json\/wp\/v2\/comments?post=28380"}],"version-history":[{"count":0,"href":"https:\/\/www.rafal.es\/en\/wp-json\/wp\/v2\/pages\/28380\/revisions"}],"up":[{"embeddable":true,"href":"https:\/\/www.rafal.es\/en\/wp-json\/wp\/v2\/pages\/28336"}],"wp:attachment":[{"href":"https:\/\/www.rafal.es\/en\/wp-json\/wp\/v2\/media?parent=28380"}],"curies":[{"name":"wp","href":"https:\/\/api.w.org\/{rel}","templated":true}]}}