{"id":28382,"date":"2017-05-15T12:16:03","date_gmt":"2017-05-15T10:16:03","guid":{"rendered":"http:\/\/www.rafal.es\/city-council\/municipal-regulations\/"},"modified":"2017-05-24T13:22:55","modified_gmt":"2017-05-24T11:22:55","slug":"municipal-regulations","status":"publish","type":"page","link":"https:\/\/www.rafal.es\/en\/city-council\/municipal-regulations\/","title":{"rendered":"Municipal regulations"},"content":{"rendered":"<h2>Tax regulations<\/h2>\n<ul>\n<li><a href=\"https:\/\/www.rafal.es\/wp-content\/uploads\/2017\/04\/Ordenanza_IAE.pdf\">Ordenanza IAE<\/a><\/li>\n<li><a href=\"https:\/\/www.rafal.es\/wp-content\/uploads\/2017\/04\/Ordenanza_ICIO.pdf\">Ordenanza ICIO<\/a><\/li>\n<li><a href=\"https:\/\/www.rafal.es\/wp-content\/uploads\/2017\/04\/Ordenanza_tasa_alcantarillado.pdf\">Ordenanza tasa alcantarillado<\/a><\/li>\n<li><a href=\"https:\/\/www.rafal.es\/wp-content\/uploads\/2017\/04\/Ordenanza_cajeros_automaticos.pdf\">Ordenanza tasa cajeros autom\u00e1ticos<\/a><\/li>\n<li><a href=\"https:\/\/www.rafal.es\/wp-content\/uploads\/2017\/04\/Ordenanza_tasa_derechos_examen.pdf\">Ordenanza tasa derechos examen<\/a><\/li>\n<li><a href=\"https:\/\/www.rafal.es\/wp-content\/uploads\/2017\/04\/Ordenanza_tasa_impuesto_incremento_valor_terrenos.pdf\">Ordenanza tasa impuesto incremento valor terrenos<\/a><\/li>\n<li><a href=\"https:\/\/www.rafal.es\/wp-content\/uploads\/2017\/04\/Ordenanza_tasa_instalacion_terrenos_uso_pubico_atracciones.pdf\">Ordenanza tasa instalaci\u00f3n en terrenos de uso p\u00fablico de puestos y atracciones<\/a><\/li>\n<li><a href=\"https:\/\/www.rafal.es\/wp-content\/uploads\/2017\/04\/Ordenanza_tasa_licencia_apertura_establecimientos.pdf\">Ordenanza tasa licencia apertura establecimientos<\/a><\/li>\n<li><a href=\"https:\/\/www.rafal.es\/wp-content\/uploads\/2017\/04\/Ordenanza_tasa_licencia_tenencia_animales_peligrosos.pdf\">Ordenanza tasa licencia tenencia animales peligrosos<\/a><\/li>\n<li><a href=\"https:\/\/www.rafal.es\/wp-content\/uploads\/2017\/04\/Ordenanza_tasa_ocupacion_terrenos_escombros.pdf\">Ordenanza tasa ocupaci\u00f3n de terrenos uso p\u00fablico escombros<\/a><\/li>\n<li><a href=\"https:\/\/www.rafal.es\/wp-content\/uploads\/2017\/04\/Ordenanza_tasa_prestacion_servicio_mercados.pdf\">Ordenanza tasa prestaci\u00f3n servicio mercados<\/a><\/li>\n<li><a href=\"https:\/\/www.rafal.es\/wp-content\/uploads\/2017\/04\/Ordenanza_tasa_prestacion_servicios_agua_potable.pdf\">Ordenanza tasa prestaci\u00f3n servicios agua potable<\/a><\/li>\n<li><a href=\"https:\/\/www.rafal.es\/wp-content\/uploads\/2017\/04\/Ordenanza_tasa_curso.pdf\">Ordenanza tasa curso<\/a><\/li>\n<li><a href=\"https:\/\/www.rafal.es\/wp-content\/uploads\/2017\/04\/Ordenanza-tasa-servicio-piscina-e-instalaciones-deportivas.pdf\">Ordenanza tasa servicio piscina e instalaciones deportivas<\/a><\/li>\n<li><a href=\"https:\/\/www.rafal.es\/wp-content\/uploads\/2017\/04\/Ordenanza-tasa-servicio-grua-1.pdf\">Ordenanza tasa servicio grua<\/a><\/li>\n<li><a href=\"https:\/\/www.rafal.es\/wp-content\/uploads\/2017\/04\/Ordenanza-I.V.T.M..pdf\">Ordenanza I.V.T.M.<\/a><\/li>\n<li><a href=\"https:\/\/www.rafal.es\/wp-content\/uploads\/2017\/04\/Ordenanza-tasa-expedicion-documentos-administrativos.pdf\">Ordenanza tasa expedici\u00f3n documentos administrativos<\/a><\/li>\n<li><a href=\"https:\/\/www.rafal.es\/wp-content\/uploads\/2017\/04\/Ordenanza-tasa-IBI.pdf\">Ordenanza tasa IBI<\/a><\/li>\n<li><a href=\"https:\/\/www.rafal.es\/wp-content\/uploads\/2017\/04\/Ordenanza-tasa-mesas-y-sillas.pdf\">Ordenanza tasa mesas y sillas<\/a><\/li>\n<li><a href=\"https:\/\/www.rafal.es\/wp-content\/uploads\/2017\/04\/Ordenanza-tasa-servicio-cementerio2.pdf\">Ordenanza tasa servicio cementerio<\/a><\/li>\n<li><a href=\"https:\/\/www.rafal.es\/wp-content\/uploads\/2017\/04\/Ordenanza-fiscal-reguladora-de-la-Tasa-por-prestaci\u00f3n-de-servicios-urban\u00edsticos.pdf\">Ordenanza tasa por prestacion de servicios urbanisticos<\/a><\/li>\n<li><a href=\"https:\/\/www.rafal.es\/wp-content\/uploads\/2017\/04\/Ordenanza-tasa-prestaci\u00f3n-de-servicio-de-recogida-transporte-y-tratamiento-de-RSU.pdf\">Ordenanza tasa prestacion de servicio de recogida transporte y tratamiento de RSU<\/a><\/li>\n<li><a href=\"https:\/\/www.rafal.es\/wp-content\/uploads\/2017\/04\/Ordenanza-tasa-entrada-de-veh\u00edculos-y-vados-permanentes.pdf\">Ordenanza tasa entrada de veh\u00edculos y vados permanentes<\/a><\/li>\n<\/ul>\n<p>&nbsp;<\/p>\n<h2><strong>General Ordinances<\/strong><\/h2>\n<ul>\n<li><a href=\"https:\/\/www.rafal.es\/wp-content\/uploads\/2017\/04\/Ordenanzas_antenas.pdf\">Ordenanzas antenas<\/a><\/li>\n<li><a href=\"https:\/\/www.rafal.es\/wp-content\/uploads\/2017\/04\/Ordenanza_contaminacion_acustica.pdf\">Ordenanza contaminaci\u00f3n ac\u00fastica<\/a><\/li>\n<li><a href=\"https:\/\/www.rafal.es\/wp-content\/uploads\/2017\/04\/Ordenanza_buen_gobierno.pdf\">Ordenanza buen gobierno<\/a><\/li>\n<li><a href=\"https:\/\/www.rafal.es\/wp-content\/uploads\/2017\/04\/Ordenanza_circulacion.pdf\">Ordenanza circulaci\u00f3n<\/a><\/li>\n<li><a href=\"https:\/\/www.rafal.es\/wp-content\/uploads\/2017\/04\/Ordenanza_Comport_Antisocial.pdf\">Ordenanza protecci\u00f3n convivencia ciudadana<\/a><\/li>\n<li><a href=\"https:\/\/www.rafal.es\/wp-content\/uploads\/2017\/04\/Ordenanza_Vallado_limpieza_solares.pdf\">Ordenanza del vallado y limpieza de solares<\/a><\/li>\n<li><a href=\"https:\/\/www.rafal.es\/wp-content\/uploads\/2017\/04\/Ordenanza-servicio-cementerio.pdf\">Ordenanza servicio cementerio<\/a><\/li>\n<li><a href=\"https:\/\/www.rafal.es\/wp-content\/uploads\/2017\/04\/Ordenanza_subvenciones.pdf\">Ordenanza subvenciones<\/a><\/li>\n<li><a href=\"https:\/\/www.rafal.es\/wp-content\/uploads\/2017\/04\/Ordenanza_tenencia_animales_peligrosos.pdf\">Ordenanza tenencia animales peligrosos<\/a><\/li>\n<li><a href=\"https:\/\/www.rafal.es\/wp-content\/uploads\/2017\/04\/Ordenanza_limpieza.pdf\">Ordenanza de limpieza<\/a><\/li>\n<li><a href=\"https:\/\/www.rafal.es\/wp-content\/uploads\/2017\/04\/Ordenanza_vertidos.pdf\">Ordenanza vertidos<\/a><\/li>\n<li><a href=\"https:\/\/www.rafal.es\/wp-content\/uploads\/2017\/04\/Ordenanza_tenencia_proteccion_animales.pdf\">Ordenanza tenencia y protecci\u00f3n de animales<\/a><\/li>\n<li><a href=\"https:\/\/www.rafal.es\/wp-content\/uploads\/2017\/04\/Ordenanza_bolsa_limpieza.pdf\">Ordenanza Bolsa Limpiador-a<\/a><\/li>\n<li><a href=\"https:\/\/www.rafal.es\/wp-content\/uploads\/2017\/04\/Ordenanza-precios-publicos.pdf\">Ordenanza precios p\u00fablicos<\/a><\/li>\n<li><a href=\"https:\/\/www.rafal.es\/wp-content\/uploads\/2017\/04\/Reglamento-del-Servicio-de-Ayuda-a-Domicilio.pdf\">Reglamento del Servicio de Ayuda a Domicilio<\/a><\/li>\n<li><a href=\"https:\/\/www.rafal.es\/wp-content\/uploads\/2017\/04\/Ordenanza-Uso-Administracion-electronica.pdf\">Ordenanza Uso Administraci\u00f3n Electr\u00f3nica<\/a><\/li>\n<li><a href=\"https:\/\/www.rafal.es\/wp-content\/uploads\/2017\/04\/Ordenanza-venta-no-sedentaria1.pdf\">Ordenanza venta no sedentaria<\/a><\/li>\n<li><a href=\"https:\/\/www.rafal.es\/wp-content\/uploads\/2017\/04\/Reglamento-de-Honores-y-Distinciones1.pdf\">Reglamento de Honores y Distinciones<\/a><\/li>\n<li><a href=\"https:\/\/www.rafal.es\/wp-content\/uploads\/2017\/04\/Ordenanza-municipal-de-circulaci\u00f3n-adaptadaa-la-Ley-6-2015.pdf\">Ordenanza municipal de circulaci\u00f3n adaptada a la Ley 6-2015<\/a><\/li>\n<li><a href=\"https:\/\/www.rafal.es\/wp-content\/uploads\/2017\/04\/Ordenanza-de-instalaci\u00f3n-de-veladores-en-terrazas.pdf\">Ordenanza de instalacion de veladores en terrazas<\/a><\/li>\n<li><a href=\"https:\/\/www.rafal.es\/wp-content\/uploads\/2017\/04\/Ordenanza-de-alcantarillado-y-vertidos-a-la-red-municipal.pdf\">Ordenanza de alcantarillado y vertidos a la red municipal<\/a><\/li>\n<\/ul>\n","protected":false},"excerpt":{"rendered":"<p>Tax regulations Ordenanza IAE Ordenanza ICIO Ordenanza tasa alcantarillado Ordenanza tasa cajeros autom\u00e1ticos Ordenanza tasa derechos examen Ordenanza tasa impuesto incremento valor terrenos Ordenanza tasa instalaci\u00f3n en terrenos de uso p\u00fablico de puestos y atracciones Ordenanza tasa licencia apertura establecimientos Ordenanza tasa licencia tenencia animales peligrosos Ordenanza tasa ocupaci\u00f3n de terrenos uso p\u00fablico escombros Ordenanza [&hellip;]<\/p>\n","protected":false},"author":1,"featured_media":0,"parent":28336,"menu_order":0,"comment_status":"closed","ping_status":"closed","template":"","meta":{"pgc_meta":"","_et_pb_use_builder":"off","_et_pb_old_content":"","_et_gb_content_width":"","footnotes":""},"aioseo_notices":[],"pgc_meta":"","_links":{"self":[{"href":"https:\/\/www.rafal.es\/en\/wp-json\/wp\/v2\/pages\/28382"}],"collection":[{"href":"https:\/\/www.rafal.es\/en\/wp-json\/wp\/v2\/pages"}],"about":[{"href":"https:\/\/www.rafal.es\/en\/wp-json\/wp\/v2\/types\/page"}],"author":[{"embeddable":true,"href":"https:\/\/www.rafal.es\/en\/wp-json\/wp\/v2\/users\/1"}],"replies":[{"embeddable":true,"href":"https:\/\/www.rafal.es\/en\/wp-json\/wp\/v2\/comments?post=28382"}],"version-history":[{"count":0,"href":"https:\/\/www.rafal.es\/en\/wp-json\/wp\/v2\/pages\/28382\/revisions"}],"up":[{"embeddable":true,"href":"https:\/\/www.rafal.es\/en\/wp-json\/wp\/v2\/pages\/28336"}],"wp:attachment":[{"href":"https:\/\/www.rafal.es\/en\/wp-json\/wp\/v2\/media?parent=28382"}],"curies":[{"name":"wp","href":"https:\/\/api.w.org\/{rel}","templated":true}]}}