{"id":28420,"date":"2017-05-15T13:50:24","date_gmt":"2017-05-15T11:50:24","guid":{"rendered":"http:\/\/www.rafal.es\/the-town\/tourism\/gastronomy\/"},"modified":"2017-05-26T10:07:40","modified_gmt":"2017-05-26T08:07:40","slug":"gastronomy","status":"publish","type":"page","link":"https:\/\/www.rafal.es\/en\/the-town\/tourism\/gastronomy\/","title":{"rendered":"Gastronomy"},"content":{"rendered":"<p>[et_pb_section bb_built=&#8221;1&#8243; admin_label=&#8221;section&#8221;][et_pb_row admin_label=&#8221;row&#8221; make_fullwidth=&#8221;off&#8221; use_custom_width=&#8221;off&#8221; width_unit=&#8221;on&#8221; use_custom_gutter=&#8221;off&#8221; background_color=&#8221;rgba(90,150,91,0.8)&#8221; allow_player_pause=&#8221;off&#8221; parallax=&#8221;off&#8221; parallax_method=&#8221;on&#8221; make_equal=&#8221;off&#8221; parallax_1=&#8221;off&#8221; parallax_method_1=&#8221;off&#8221;][et_pb_column type=&#8221;4_4&#8243;][et_pb_text admin_label=&#8221;Texto&#8221; background_layout=&#8221;dark&#8221; text_orientation=&#8221;center&#8221; text_font_size=&#8221;24&#8243; use_border_color=&#8221;off&#8221; border_color=&#8221;#ffffff&#8221; border_style=&#8221;solid&#8221;]<\/p>\n<h2>Typical Recipes<\/h2>\n<p>[\/et_pb_text][\/et_pb_column][\/et_pb_row][et_pb_row admin_label=&#8221;Fila&#8221;][et_pb_column type=&#8221;4_4&#8243;][et_pb_text admin_label=&#8221;Texto&#8221; background_layout=&#8221;light&#8221; text_orientation=&#8221;left&#8221; use_border_color=&#8221;off&#8221; border_color=&#8221;#ffffff&#8221; border_style=&#8221;solid&#8221;]In Rafal, traditional dishes made with products extracted directly from the garden are tasted. Vegetables and vegetables become the main ingredients of our cuisine. Thus, we can satiate the palate with a dish of &#8220;clarico rice&#8221;, &#8220;widow pot&#8221;, &#8220;rice of waking&#8221;, &#8220;rice of vegetables&#8221; or &#8220;stew of cod&#8221;. We can not forget at the table of a rafale\u00f1o a good salad, whether it be lysones, celery and endive, summer salad with pepper, onion and eggplant roasted, or any other that contains artichoke as a prominent ingredient. Other worthy dishes in which the meat charges are &#8220;cooked with balls&#8221;, &#8220;rice with rabbit&#8221;, &#8220;rice with crust&#8221;, &#8220;duck stew&#8221;, etc. Our gastronomy is enriched with traditional desserts and sweets: almonds, butter, pasta flora, climbing cakes and La Mancha at Christmas. In Easter, the typical monas (with egg or without egg), paparajotes, fritters, etc. And throughout the year we can enjoy delicious lunch, the tasty almond tart, or a good dish of rice with milk scented and enriched with a sprig of cinnamon and lemon skin.[\/et_pb_text][et_pb_text admin_label=&#8221;Texto&#8221; background_layout=&#8221;light&#8221; text_orientation=&#8221;left&#8221; use_border_color=&#8221;off&#8221; border_color=&#8221;#ffffff&#8221; border_style=&#8221;solid&#8221;][pt_view id=&#8221;07a3930ldr&#8221;]<\/p>\n<p>[\/et_pb_text][\/et_pb_column][\/et_pb_row][\/et_pb_section]<\/p>\n","protected":false},"excerpt":{"rendered":"<p>Typical RecipesIn Rafal, traditional dishes made with products extracted directly from the garden are tasted. Vegetables and vegetables become the main ingredients of our cuisine. Thus, we can satiate the palate with a dish of &#8220;clarico rice&#8221;, &#8220;widow pot&#8221;, &#8220;rice of waking&#8221;, &#8220;rice of vegetables&#8221; or &#8220;stew of cod&#8221;. We can not forget at the [&hellip;]<\/p>\n","protected":false},"author":1,"featured_media":0,"parent":28413,"menu_order":0,"comment_status":"open","ping_status":"closed","template":"","meta":{"pgc_meta":"","_et_pb_use_builder":"on","_et_pb_old_content":"<h2>\u00a0<\/h2><p>En Rafal, se degustan platos tradicionales realizados con productos extra\u00eddos directamente de la huerta. Verduras y hortalizas se convierten en los principales ingredientes de nuestra cocina. As\u00ed pues, podemos saciar al paladar con un plato de \u201carroz clarico\u201d, \u201colla viuda\u201d, \u201carroz de vigilia\u201d, \u201carroz de verduras\u201do \u201cguisado de bacalao\u201d. No podemos olvidar en la mesa de un rafale\u00f1o una buena ensalada, ya sea de lisones, de apio y escarola, la ensalada de verano a base de pimiento, cebolla y berenjenas asadas, o cualquier otra que contenga alcachofa como ingrediente destacado.<\/p><p>Otros platos dignos de mencionar en los que la carne cobra valor son \u201cel cocido con pelotas\u201d, \u201cel arroz con conejo\u201d, \u201cel arroz con costra\u201d, \u201cel cocido de pato\u201d, etc.<\/p><p>Nuestra gastronom\u00eda se enriquece con los postres y dulces tradicionales: los almendrados, mantecados, la pasta flora, las tortas escaladas y los manchegos en Navidad. En Pascua, las t\u00edpicas monas (con huevo o sin huevo), paparajotes, bu\u00f1uelos, etc. Y durante todo el a\u00f1o podemos disfrutar de deliciosas almoj\u00e1benas, de la sabrosa tortada de almendras, o de un buen plato de arroz con leche perfumado y enriquecido con una ramita de canela y la piel del lim\u00f3n.<\/p>","_et_gb_content_width":"","footnotes":""},"aioseo_notices":[],"pgc_meta":"","_links":{"self":[{"href":"https:\/\/www.rafal.es\/en\/wp-json\/wp\/v2\/pages\/28420"}],"collection":[{"href":"https:\/\/www.rafal.es\/en\/wp-json\/wp\/v2\/pages"}],"about":[{"href":"https:\/\/www.rafal.es\/en\/wp-json\/wp\/v2\/types\/page"}],"author":[{"embeddable":true,"href":"https:\/\/www.rafal.es\/en\/wp-json\/wp\/v2\/users\/1"}],"replies":[{"embeddable":true,"href":"https:\/\/www.rafal.es\/en\/wp-json\/wp\/v2\/comments?post=28420"}],"version-history":[{"count":0,"href":"https:\/\/www.rafal.es\/en\/wp-json\/wp\/v2\/pages\/28420\/revisions"}],"up":[{"embeddable":true,"href":"https:\/\/www.rafal.es\/en\/wp-json\/wp\/v2\/pages\/28413"}],"wp:attachment":[{"href":"https:\/\/www.rafal.es\/en\/wp-json\/wp\/v2\/media?parent=28420"}],"curies":[{"name":"wp","href":"https:\/\/api.w.org\/{rel}","templated":true}]}}