{"id":28426,"date":"2017-05-15T13:52:05","date_gmt":"2017-05-15T11:52:05","guid":{"rendered":"http:\/\/www.rafal.es\/the-town\/tourism\/active-turism\/"},"modified":"2017-05-26T10:18:10","modified_gmt":"2017-05-26T08:18:10","slug":"active-turism","status":"publish","type":"page","link":"https:\/\/www.rafal.es\/en\/the-town\/tourism\/active-turism\/","title":{"rendered":"Active turism"},"content":{"rendered":"<p>[et_pb_section bb_built=&#8221;1&#8243; admin_label=&#8221;Secci\u00f3n&#8221; fullwidth=&#8221;on&#8221; specialty=&#8221;off&#8221;][et_pb_fullwidth_post_title admin_label=&#8221;T\u00edtulo de publicaci\u00f3n de anchura completa&#8221; title=&#8221;on&#8221; meta=&#8221;off&#8221; author=&#8221;on&#8221; date=&#8221;on&#8221; categories=&#8221;on&#8221; comments=&#8221;on&#8221; featured_image=&#8221;off&#8221; featured_placement=&#8221;below&#8221; parallax_effect=&#8221;on&#8221; parallax_method=&#8221;on&#8221; text_orientation=&#8221;center&#8221; text_color=&#8221;light&#8221; text_background=&#8221;on&#8221; text_bg_color=&#8221;rgba(90,150,91,0.8)&#8221; use_border_color=&#8221;off&#8221; border_color=&#8221;#ffffff&#8221; border_style=&#8221;solid&#8221; \/][\/et_pb_section][et_pb_section bb_built=&#8221;1&#8243; admin_label=&#8221;section&#8221;][et_pb_row admin_label=&#8221;row&#8221;][et_pb_column type=&#8221;4_4&#8243;][et_pb_slider admin_label=&#8221;Deslizador&#8221; show_arrows=&#8221;on&#8221; show_pagination=&#8221;on&#8221; auto=&#8221;off&#8221; auto_ignore_hover=&#8221;off&#8221; parallax=&#8221;off&#8221; parallax_method=&#8221;off&#8221; remove_inner_shadow=&#8221;off&#8221; background_position=&#8221;default&#8221; background_size=&#8221;default&#8221; hide_content_on_mobile=&#8221;off&#8221; hide_cta_on_mobile=&#8221;off&#8221; show_image_video_mobile=&#8221;off&#8221; custom_button=&#8221;off&#8221; button_letter_spacing=&#8221;0&#8243; button_use_icon=&#8221;default&#8221; button_icon_placement=&#8221;right&#8221; button_on_hover=&#8221;on&#8221; button_letter_spacing_hover=&#8221;0&#8243;]<\/p>\n<p>[et_pb_slide heading=&#8221;Parkland&#8221; background_image=&#8221;http:\/\/www.rafal.es\/wp-content\/uploads\/2017\/04\/zonas_verdes-1.jpg&#8221; background_position=&#8221;default&#8221; background_size=&#8221;default&#8221; background_color=&#8221;#ffffff&#8221; use_bg_overlay=&#8221;off&#8221; use_text_overlay=&#8221;on&#8221; alignment=&#8221;center&#8221; background_layout=&#8221;light&#8221; allow_player_pause=&#8221;off&#8221; text_border_radius=&#8221;3&#8243; header_font_select=&#8221;default&#8221; header_font=&#8221;|on|||&#8221; body_font_select=&#8221;default&#8221; body_font=&#8221;||||&#8221; custom_button=&#8221;off&#8221; button_font_select=&#8221;default&#8221; button_font=&#8221;||||&#8221; button_use_icon=&#8221;default&#8221; button_icon_placement=&#8221;right&#8221; button_on_hover=&#8221;on&#8221; header_font_size=&#8221;30&#8243; header_font_size_tablet=&#8221;30&#8243; header_font_size_phone=&#8221;30&#8243;]The rich and fertile lands of the Vega del Segura are favored by an unbeatable Mediterranean climate that favors the development of different tree species and a great variety of plants and crops. These have varied over time depending on the markets. Thus we have known in our town over the years plantations of \u00f1oras, melons, hemp, cotton, potatoes, artichokes &#8230; Most houses or gardens of Rafal are decked out with ornamental plants such as geraniums, jasmines, Lilies, roses, begonias, bougainvillea, ferns. As for the woodland, the most widespread crops have been olive, orange, lemon, mulberry, pomegranate, fig and palm trees. Ornamental trees have also varied over time, adding new species to the traditional ones, which we can now admire in parks and public spaces.[\/et_pb_slide]<\/p>\n<p>[\/et_pb_slider][\/et_pb_column][\/et_pb_row][et_pb_row admin_label=&#8221;Fila&#8221;][et_pb_column type=&#8221;4_4&#8243;][et_pb_text admin_label=&#8221;Texto&#8221; background_layout=&#8221;light&#8221; text_orientation=&#8221;left&#8221; use_border_color=&#8221;off&#8221; border_color=&#8221;#ffffff&#8221; border_style=&#8221;solid&#8221;][pt_view id=&#8221;f6c5e78dmy&#8221;]<\/p>\n<p>[\/et_pb_text][\/et_pb_column][\/et_pb_row][\/et_pb_section]<\/p>\n","protected":false},"excerpt":{"rendered":"<p>The rich and fertile lands of the Vega del Segura are favored by an unbeatable Mediterranean climate that favors the development of different tree species and a great variety of plants and crops. These have varied over time depending on the markets. Thus we have known in our town over the years plantations of \u00f1oras, [&hellip;]<\/p>\n","protected":false},"author":1,"featured_media":0,"parent":28413,"menu_order":0,"comment_status":"closed","ping_status":"closed","template":"","meta":{"pgc_meta":"","_et_pb_use_builder":"on","_et_pb_old_content":"","_et_gb_content_width":"","footnotes":""},"aioseo_notices":[],"pgc_meta":"","_links":{"self":[{"href":"https:\/\/www.rafal.es\/en\/wp-json\/wp\/v2\/pages\/28426"}],"collection":[{"href":"https:\/\/www.rafal.es\/en\/wp-json\/wp\/v2\/pages"}],"about":[{"href":"https:\/\/www.rafal.es\/en\/wp-json\/wp\/v2\/types\/page"}],"author":[{"embeddable":true,"href":"https:\/\/www.rafal.es\/en\/wp-json\/wp\/v2\/users\/1"}],"replies":[{"embeddable":true,"href":"https:\/\/www.rafal.es\/en\/wp-json\/wp\/v2\/comments?post=28426"}],"version-history":[{"count":0,"href":"https:\/\/www.rafal.es\/en\/wp-json\/wp\/v2\/pages\/28426\/revisions"}],"up":[{"embeddable":true,"href":"https:\/\/www.rafal.es\/en\/wp-json\/wp\/v2\/pages\/28413"}],"wp:attachment":[{"href":"https:\/\/www.rafal.es\/en\/wp-json\/wp\/v2\/media?parent=28426"}],"curies":[{"name":"wp","href":"https:\/\/api.w.org\/{rel}","templated":true}]}}